{"id":1416,"date":"2025-05-13T01:24:20","date_gmt":"2025-05-13T01:24:20","guid":{"rendered":"https:\/\/veranoglobal.com\/br\/?page_id=1416"},"modified":"2026-03-11T17:49:45","modified_gmt":"2026-03-11T20:49:45","slug":"dps-p6-extractor","status":"publish","type":"page","link":"https:\/\/veranoglobal.com\/br\/es\/aplicaciones\/dps-p6-extractor\/","title":{"rendered":"DPS P6 EXTRACTOR"},"content":{"rendered":"\t\t<div data-elementor-type=\"wp-page\" data-elementor-id=\"1416\" class=\"elementor elementor-1416\" data-elementor-settings=\"{&quot;element_pack_global_tooltip_width&quot;:{&quot;unit&quot;:&quot;px&quot;,&quot;size&quot;:&quot;&quot;,&quot;sizes&quot;:[]},&quot;element_pack_global_tooltip_width_tablet&quot;:{&quot;unit&quot;:&quot;px&quot;,&quot;size&quot;:&quot;&quot;,&quot;sizes&quot;:[]},&quot;element_pack_global_tooltip_width_mobile&quot;:{&quot;unit&quot;:&quot;px&quot;,&quot;size&quot;:&quot;&quot;,&quot;sizes&quot;:[]},&quot;element_pack_global_tooltip_padding&quot;:{&quot;unit&quot;:&quot;px&quot;,&quot;top&quot;:&quot;&quot;,&quot;right&quot;:&quot;&quot;,&quot;bottom&quot;:&quot;&quot;,&quot;left&quot;:&quot;&quot;,&quot;isLinked&quot;:true},&quot;element_pack_global_tooltip_padding_tablet&quot;:{&quot;unit&quot;:&quot;px&quot;,&quot;top&quot;:&quot;&quot;,&quot;right&quot;:&quot;&quot;,&quot;bottom&quot;:&quot;&quot;,&quot;left&quot;:&quot;&quot;,&quot;isLinked&quot;:true},&quot;element_pack_global_tooltip_padding_mobile&quot;:{&quot;unit&quot;:&quot;px&quot;,&quot;top&quot;:&quot;&quot;,&quot;right&quot;:&quot;&quot;,&quot;bottom&quot;:&quot;&quot;,&quot;left&quot;:&quot;&quot;,&quot;isLinked&quot;:true},&quot;element_pack_global_tooltip_border_radius&quot;:{&quot;unit&quot;:&quot;px&quot;,&quot;top&quot;:&quot;&quot;,&quot;right&quot;:&quot;&quot;,&quot;bottom&quot;:&quot;&quot;,&quot;left&quot;:&quot;&quot;,&quot;isLinked&quot;:true},&quot;element_pack_global_tooltip_border_radius_tablet&quot;:{&quot;unit&quot;:&quot;px&quot;,&quot;top&quot;:&quot;&quot;,&quot;right&quot;:&quot;&quot;,&quot;bottom&quot;:&quot;&quot;,&quot;left&quot;:&quot;&quot;,&quot;isLinked&quot;:true},&quot;element_pack_global_tooltip_border_radius_mobile&quot;:{&quot;unit&quot;:&quot;px&quot;,&quot;top&quot;:&quot;&quot;,&quot;right&quot;:&quot;&quot;,&quot;bottom&quot;:&quot;&quot;,&quot;left&quot;:&quot;&quot;,&quot;isLinked&quot;:true}}\" data-elementor-post-type=\"page\">\n\t\t\t\t<div class=\"elementor-element elementor-element-54c00ab e-flex e-con-boxed e-con e-parent\" data-id=\"54c00ab\" data-element_type=\"container\" data-e-type=\"container\" data-settings=\"{&quot;background_background&quot;:&quot;classic&quot;}\">\n\t\t\t\t\t<div class=\"e-con-inner\">\n\t\t\t\t<div class=\"elementor-element elementor-element-aa5f3ad elementor-position-inline-start elementor-view-default elementor-mobile-position-block-start elementor-widget elementor-widget-icon-box\" data-id=\"aa5f3ad\" data-element_type=\"widget\" data-e-type=\"widget\" data-widget_type=\"icon-box.default\">\n\t\t\t\t<div class=\"elementor-widget-container\">\n\t\t\t\t\t\t\t<div class=\"elementor-icon-box-wrapper\">\n\n\t\t\t\t\t\t<div class=\"elementor-icon-box-icon\">\n\t\t\t\t<span  class=\"elementor-icon\">\n\t\t\t\t<svg xmlns=\"http:\/\/www.w3.org\/2000\/svg\" id=\"uuid-9dd6952f-81e0-4f53-81ea-70810f91857f\" data-name=\"Capa 1\" viewBox=\"0 0 206.68 177.87\"><path d=\"M62.26,177.87c-31.56-28.85-41-62.87-24.37-103.02,16.21-29.86,40.65-48.45,75.47-47.98,46.73.63,74.62,26.04,85.74,70.07,1.95-35.85-23.45-82.01-75.42-92.84C77.66-5.49,30.77,21.85,16.12,67.75c-13.93,43.64,7.41,90.59,46.14,110.12ZM69.18,175.75c-8.86-17.73-11.08-36.11-5.58-55.15,5.57-19.28,18.01-33.36,35.02-43.53,15.84-9.47,33.15-11.48,51-7.59,17.89,3.9,32.06,13.69,42.92,29.07-6.64-21.02-30.09-45.75-63.53-48.78-32.9-2.98-63.41,16.53-75.88,46.49-11.82,28.4-3.06,61.36,16.05,79.48Z\" style=\"fill: #fff;\"><\/path><path d=\"M62.26,177.87C23.53,158.34,2.19,111.4,16.12,67.75,30.77,21.85,77.66-5.49,123.67,4.1c51.97,10.83,77.36,56.99,75.42,92.84-11.12-44.03-39.01-69.43-85.74-70.07-34.82-.47-59.26,18.12-75.47,47.98-16.62,40.15-7.19,74.17,24.37,103.02Z\" style=\"fill: #fff;\"><\/path><path d=\"M69.18,175.75c-19.12-18.13-27.88-51.08-16.05-79.48,12.47-29.96,42.98-49.47,75.88-46.49,33.44,3.03,56.89,27.75,63.53,48.78-10.85-15.38-25.03-25.17-42.92-29.07-17.86-3.89-35.17-1.88-51,7.59-17.01,10.17-29.45,24.25-35.02,43.53-5.5,19.05-3.28,37.43,5.58,55.15Z\" style=\"fill: #fff;\"><\/path><path d=\"M85.07,134.83h-6.42v20.02h16.74s16.86.22,16.86-14.34c0-10.24-7.11-15.28-16.15-15.28h-17.49v5.91h18.19s9.77-.48,9.77,9.42-11.88,8.82-11.88,8.82h-9.6v-14.56Z\" style=\"fill: #fff;\"><\/path><path d=\"M115.17,154.96h6.55v-23.88h18.81s2.72-.23,2.75,2.34c0,2.5-2.98,2.43-2.98,2.43h-15.88v5.41h13.7c2.83,0,10.07.38,10.07-7.84,0-6.38-4.8-8.08-9.6-8.08h-23.41v29.61Z\" style=\"fill: #fff;\"><\/path><path d=\"M184.23,130.73v-5.97h-24.94s-8.16-.38-8.16,7.99c0,7.29,4.83,8.6,7.29,8.6h15.71s4.83-.47,4.83,3.83-5.09,3.93-5.09,3.93h-22.39v5.85h22.83s10.45.18,10.45-9.96c0-8.87-7.11-9.41-10.53-9.41h-14.64s-2.52.19-2.52-2.49c0-2.41,2.56-2.46,2.56-2.46l24.61.09Z\" style=\"fill: #fff;\"><\/path><\/svg>\t\t\t\t<\/span>\n\t\t\t<\/div>\n\t\t\t\n\t\t\t\t\t\t<div class=\"elementor-icon-box-content\">\n\n\t\t\t\t\t\t\t\t\t<h3 class=\"elementor-icon-box-title\">\n\t\t\t\t\t\t<span  >\n\t\t\t\t\t\t\tDPS P6 Extractor\t\t\t\t\t\t<\/span>\n\t\t\t\t\t<\/h3>\n\t\t\t\t\n\t\t\t\t\n\t\t\t<\/div>\n\t\t\t\n\t\t<\/div>\n\t\t\t\t\t\t<\/div>\n\t\t\t\t<\/div>\n\t\t\t\t\t<\/div>\n\t\t\t\t<\/div>\n\t\t<div class=\"elementor-element elementor-element-3de9484 e-flex e-con-boxed e-con e-parent\" data-id=\"3de9484\" data-element_type=\"container\" data-e-type=\"container\">\n\t\t\t\t\t<div class=\"e-con-inner\">\n\t\t\t\t<div class=\"elementor-element elementor-element-f1468c4 elementor-widget elementor-widget-bdt-breadcrumbs\" data-id=\"f1468c4\" data-element_type=\"widget\" data-e-type=\"widget\" data-widget_type=\"bdt-breadcrumbs.default\">\n\t\t\t\t<div class=\"elementor-widget-container\">\n\t\t\t\t\t<div class='bdt-ep-breadcrumbs-wrapper'><ul class=\"bdt-ep-breadcrumb breadcrumb-align-left  \"><li><a href=\"https:\/\/veranoglobal.com\/br\/\">Inicio<\/a><\/li>\n<li><span> P\u00e1gina<\/span><\/li>\n<\/ul><\/div>\t\t\t\t<\/div>\n\t\t\t\t<\/div>\n\t\t\t\t\t<\/div>\n\t\t\t\t<\/div>\n\t\t<div class=\"elementor-element elementor-element-9963463 e-flex e-con-boxed e-con e-parent\" data-id=\"9963463\" data-element_type=\"container\" data-e-type=\"container\">\n\t\t\t\t\t<div class=\"e-con-inner\">\n\t\t<div class=\"elementor-element elementor-element-7a0bf9f e-con-full e-flex e-con e-child\" data-id=\"7a0bf9f\" data-element_type=\"container\" data-e-type=\"container\">\n\t\t\t\t<div class=\"elementor-element elementor-element-744c752 elementor-widget elementor-widget-image\" data-id=\"744c752\" data-element_type=\"widget\" data-e-type=\"widget\" data-widget_type=\"image.default\">\n\t\t\t\t<div class=\"elementor-widget-container\">\n\t\t\t\t\t\t\t\t\t\t\t\t\t\t\t<img fetchpriority=\"high\" decoding=\"async\" width=\"800\" height=\"800\" src=\"https:\/\/veranoglobal.com\/br\/wp-content\/uploads\/2025\/07\/logo_DPS_color.png\" class=\"attachment-large size-large wp-image-1423\" alt=\"\" srcset=\"https:\/\/veranoglobal.com\/br\/wp-content\/uploads\/2025\/07\/logo_DPS_color.png 908w, https:\/\/veranoglobal.com\/br\/wp-content\/uploads\/2025\/07\/logo_DPS_color-300x300.png 300w, https:\/\/veranoglobal.com\/br\/wp-content\/uploads\/2025\/07\/logo_DPS_color-150x150.png 150w, https:\/\/veranoglobal.com\/br\/wp-content\/uploads\/2025\/07\/logo_DPS_color-768x768.png 768w\" sizes=\"(max-width: 800px) 100vw, 800px\" \/>\t\t\t\t\t\t\t\t\t\t\t\t\t\t\t<\/div>\n\t\t\t\t<\/div>\n\t\t\t\t<\/div>\n\t\t<div class=\"elementor-element elementor-element-ba22916 e-con-full e-flex e-con e-child\" data-id=\"ba22916\" data-element_type=\"container\" data-e-type=\"container\">\n\t\t\t\t<div class=\"elementor-element elementor-element-7c1b676 elementor-widget elementor-widget-heading\" data-id=\"7c1b676\" data-element_type=\"widget\" data-e-type=\"widget\" data-widget_type=\"heading.default\">\n\t\t\t\t<div class=\"elementor-widget-container\">\n\t\t\t\t\t<h2 class=\"elementor-heading-title elementor-size-default\">\u00a1LA COMUNICACI\u00d3N DE SU PROYECTO NO REQUIERE SER COMPLICADA!<\/h2>\t\t\t\t<\/div>\n\t\t\t\t<\/div>\n\t\t\t\t<div class=\"elementor-element elementor-element-936844a elementor-widget elementor-widget-text-editor\" data-id=\"936844a\" data-element_type=\"widget\" data-e-type=\"widget\" data-widget_type=\"text-editor.default\">\n\t\t\t\t<div class=\"elementor-widget-container\">\n\t\t\t\t\t\t\t\t\t<p>\u00bfCuanto tiempo tarda para obtener las informaciones actualizadas de su proyecto? <br \/>\u00bfCuanto tiempo gasta su equipo em la generaci\u00f3n de estas informaciones?<\/p><p>\u00a1La comunicaci\u00f3n es vital para el \u00e9xito de su proyecto!<\/p><p>Mientras m\u00e1s r\u00e1pido usted tenga acceso al avance e identifique desfases, \u00a0mayores ser\u00e1n sus oportunidades de actuar y recuperar atrasos.<\/p>\t\t\t\t\t\t\t\t<\/div>\n\t\t\t\t<\/div>\n\t\t\t\t<\/div>\n\t\t\t\t\t<\/div>\n\t\t\t\t<\/div>\n\t\t<div class=\"elementor-element elementor-element-d209802 e-flex e-con-boxed e-con e-parent\" data-id=\"d209802\" data-element_type=\"container\" data-e-type=\"container\">\n\t\t\t\t\t<div class=\"e-con-inner\">\n\t\t\t\t<div class=\"elementor-element elementor-element-2ff0e70 elementor-widget-divider--view-line elementor-widget elementor-widget-divider\" data-id=\"2ff0e70\" data-element_type=\"widget\" data-e-type=\"widget\" data-widget_type=\"divider.default\">\n\t\t\t\t<div class=\"elementor-widget-container\">\n\t\t\t\t\t\t\t<div class=\"elementor-divider\">\n\t\t\t<span class=\"elementor-divider-separator\">\n\t\t\t\t\t\t<\/span>\n\t\t<\/div>\n\t\t\t\t\t\t<\/div>\n\t\t\t\t<\/div>\n\t\t\t\t<div class=\"elementor-element elementor-element-8a57e2e elementor-widget elementor-widget-heading\" data-id=\"8a57e2e\" data-element_type=\"widget\" data-e-type=\"widget\" data-widget_type=\"heading.default\">\n\t\t\t\t<div class=\"elementor-widget-container\">\n\t\t\t\t\t<h2 class=\"elementor-heading-title elementor-size-default\">ACCESE GR\u00c1FICOS E INFORMES INSTANTANEAMENTE<\/h2>\t\t\t\t<\/div>\n\t\t\t\t<\/div>\n\t\t\t\t\t<\/div>\n\t\t\t\t<\/div>\n\t\t<div class=\"elementor-element elementor-element-49dfa2f e-flex e-con-boxed e-con e-parent\" data-id=\"49dfa2f\" data-element_type=\"container\" data-e-type=\"container\">\n\t\t\t\t\t<div class=\"e-con-inner\">\n\t\t<div class=\"elementor-element elementor-element-d216148 e-con-full e-flex e-con e-child\" data-id=\"d216148\" data-element_type=\"container\" data-e-type=\"container\">\n\t\t\t\t<div class=\"elementor-element elementor-element-0c193c0 elementor-widget elementor-widget-text-editor\" data-id=\"0c193c0\" data-element_type=\"widget\" data-e-type=\"widget\" data-widget_type=\"text-editor.default\">\n\t\t\t\t<div class=\"elementor-widget-container\">\n\t\t\t\t\t\t\t\t\t<p>Usted puede tener acceso inmediato a los gr\u00e1ficos e informes de sus proyectos administrados en Primavera P6\u00ae con apenas dos pasos:<\/p>\n<p>\u2022 Use DPS P6 Extractor para extraer las informaciones actualizadas de sus proyectos directamente de la base de datos de P6;<br>\u2022 Conclu\u00edda la extracci\u00f3n accese inmediatamente su gr\u00e1fico e informe en Power BI\u00ae o en su generador de informes preferido.<\/p>\n<h3>C\u00f3mo trabaja el Extractor DPS?<\/h3>\n<p>DPS combina las tecnolog\u00edas m\u00e1s eficientes para generar la informaci\u00f3n que usted necesita!<\/p>\n<p><b>P: \u00bfC\u00f3mo tengo la certeza de que las informaciones extra\u00eddas son las informaciones reales de mi proyecto en P6?<\/b><br><b>R: <\/b>El P6 Extractor utiliza el API Primavera desarrollado por el propio fabricante de Primavera P6\u00ae. Usted tendr\u00e1 certeza de que est\u00e1 visualizando datos de una fuente confiable, que no est\u00e1 sujeta a errores humanos de tratamiento que ocurren en los procesos de extracci\u00f3n manual.<\/p>\n<p><b>P: \u00bfPower BI es un \u00f3ptimo generador de paneles, pero mi equipo ya usa otra herramienta. Cu\u00e1les opciones est\u00e1n disponibles? <\/b><br><b>R: <\/b>Junto con P6 Extractor usted recibe un panel de Curva S listo para uso en Power BI Desktop\u00ae. Este panel est\u00e1 configurado conforme las pr\u00e1cticas de mercado, esto es, tiempo x % de avance (planeado, actual y restante). Basta accesar el panel y ver la Curva S reflejar los datos actualizados por el equipo en Primavera P6\u00ae. Si prefiere, usted puede exportar sus datos para Excel\u00ae o su herramienta preferida.<\/p>\t\t\t\t\t\t\t\t<\/div>\n\t\t\t\t<\/div>\n\t\t\t\t<\/div>\n\t\t\t\t\t<\/div>\n\t\t\t\t<\/div>\n\t\t<div class=\"elementor-element elementor-element-4d11044 e-flex e-con-boxed e-con e-parent\" data-id=\"4d11044\" data-element_type=\"container\" data-e-type=\"container\">\n\t\t\t\t\t<div class=\"e-con-inner\">\n\t\t<div class=\"elementor-element elementor-element-0cb3bfd e-con-full e-flex e-con e-child\" data-id=\"0cb3bfd\" data-element_type=\"container\" data-e-type=\"container\">\n\t\t\t\t<div class=\"elementor-element elementor-element-db40d53 elementor-widget elementor-widget-image\" data-id=\"db40d53\" data-element_type=\"widget\" data-e-type=\"widget\" data-widget_type=\"image.default\">\n\t\t\t\t<div class=\"elementor-widget-container\">\n\t\t\t\t\t\t\t\t\t\t\t\t\t\t\t<img decoding=\"async\" width=\"800\" height=\"457\" src=\"https:\/\/veranoglobal.com\/br\/wp-content\/uploads\/2025\/07\/Imagen-1.png\" class=\"attachment-large size-large wp-image-1429\" alt=\"\" srcset=\"https:\/\/veranoglobal.com\/br\/wp-content\/uploads\/2025\/07\/Imagen-1.png 812w, https:\/\/veranoglobal.com\/br\/wp-content\/uploads\/2025\/07\/Imagen-1-300x171.png 300w, https:\/\/veranoglobal.com\/br\/wp-content\/uploads\/2025\/07\/Imagen-1-768x439.png 768w\" sizes=\"(max-width: 800px) 100vw, 800px\" \/>\t\t\t\t\t\t\t\t\t\t\t\t\t\t\t<\/div>\n\t\t\t\t<\/div>\n\t\t\t\t<\/div>\n\t\t<div class=\"elementor-element elementor-element-0fa269b e-con-full e-flex e-con e-child\" data-id=\"0fa269b\" data-element_type=\"container\" data-e-type=\"container\">\n\t\t\t\t<div class=\"elementor-element elementor-element-b8cc80d elementor-widget elementor-widget-heading\" data-id=\"b8cc80d\" data-element_type=\"widget\" data-e-type=\"widget\" data-widget_type=\"heading.default\">\n\t\t\t\t<div class=\"elementor-widget-container\">\n\t\t\t\t\t<h2 class=\"elementor-heading-title elementor-size-default\">Curva S<\/h2>\t\t\t\t<\/div>\n\t\t\t\t<\/div>\n\t\t\t\t<div class=\"elementor-element elementor-element-ad9fa03 elementor-widget elementor-widget-text-editor\" data-id=\"ad9fa03\" data-element_type=\"widget\" data-e-type=\"widget\" data-widget_type=\"text-editor.default\">\n\t\t\t\t<div class=\"elementor-widget-container\">\n\t\t\t\t\t\t\t\t\t<p>Navegue por los proyectos extra\u00eddos y analice el desempe\u00f1o de cada WBS para identificar el origen de eventuales desv\u00edos:<\/p><p>&#8211; Escoja el proyecto.<br \/>&#8211; Seleccione cualquier WBS o el proyecto entero.<br \/>&#8211; Visualize a Curva S!<\/p>\t\t\t\t\t\t\t\t<\/div>\n\t\t\t\t<\/div>\n\t\t\t\t<\/div>\n\t\t\t\t\t<\/div>\n\t\t\t\t<\/div>\n\t\t\t\t<\/div>\n\t\t","protected":false},"excerpt":{"rendered":"<p>DPS P6 Extractor Inicio P\u00e1gina \u00a1LA COMUNICACI\u00d3N DE SU PROYECTO NO REQUIERE SER COMPLICADA! \u00bfCuanto tiempo tarda para obtener las informaciones actualizadas de su proyecto? \u00bfCuanto tiempo gasta su equipo em la generaci\u00f3n de estas informaciones? \u00a1La comunicaci\u00f3n es vital para el \u00e9xito de su proyecto! Mientras m\u00e1s r\u00e1pido usted tenga acceso al avance e [&hellip;]<\/p>\n","protected":false},"author":2,"featured_media":0,"parent":182,"menu_order":0,"comment_status":"closed","ping_status":"closed","template":"","meta":{"_joinchat":[],"footnotes":""},"class_list":["post-1416","page","type-page","status-publish","hentry"],"yoast_head":"<!-- This site is optimized with the Yoast SEO plugin v27.4 - https:\/\/yoast.com\/product\/yoast-seo-wordpress\/ -->\n<title>DPS P6 EXTRACTOR - Verano Global<\/title>\n<meta name=\"robots\" content=\"index, follow, max-snippet:-1, max-image-preview:large, max-video-preview:-1\" \/>\n<link rel=\"canonical\" href=\"https:\/\/veranoglobal.com\/br\/es\/aplicaciones\/dps-p6-extractor\/\" \/>\n<meta property=\"og:locale\" content=\"pt_BR\" \/>\n<meta property=\"og:type\" content=\"article\" \/>\n<meta property=\"og:title\" content=\"DPS P6 EXTRACTOR - Verano Global\" \/>\n<meta property=\"og:description\" content=\"DPS P6 Extractor Inicio P\u00e1gina \u00a1LA COMUNICACI\u00d3N DE SU PROYECTO NO REQUIERE SER COMPLICADA! \u00bfCuanto tiempo tarda para obtener las informaciones actualizadas de su proyecto? \u00bfCuanto tiempo gasta su equipo em la generaci\u00f3n de estas informaciones? \u00a1La comunicaci\u00f3n es vital para el \u00e9xito de su proyecto! Mientras m\u00e1s r\u00e1pido usted tenga acceso al avance e [&hellip;]\" \/>\n<meta property=\"og:url\" content=\"https:\/\/veranoglobal.com\/br\/es\/aplicaciones\/dps-p6-extractor\/\" \/>\n<meta property=\"og:site_name\" content=\"Verano Global\" \/>\n<meta property=\"article:modified_time\" content=\"2026-03-11T20:49:45+00:00\" \/>\n<meta property=\"og:image\" content=\"https:\/\/veranoglobal.com\/br\/wp-content\/uploads\/2025\/07\/logo_DPS_color.png\" \/>\n\t<meta property=\"og:image:width\" content=\"908\" \/>\n\t<meta property=\"og:image:height\" content=\"908\" \/>\n\t<meta property=\"og:image:type\" content=\"image\/png\" \/>\n<meta name=\"twitter:card\" content=\"summary_large_image\" \/>\n<meta name=\"twitter:label1\" content=\"Est. tempo de leitura\" \/>\n\t<meta name=\"twitter:data1\" content=\"3 minutos\" \/>\n<script type=\"application\/ld+json\" class=\"yoast-schema-graph\">{\"@context\":\"https:\\\/\\\/schema.org\",\"@graph\":[{\"@type\":\"WebPage\",\"@id\":\"https:\\\/\\\/veranoglobal.com\\\/br\\\/es\\\/aplicaciones\\\/dps-p6-extractor\\\/\",\"url\":\"https:\\\/\\\/veranoglobal.com\\\/br\\\/es\\\/aplicaciones\\\/dps-p6-extractor\\\/\",\"name\":\"DPS P6 EXTRACTOR - Verano Global\",\"isPartOf\":{\"@id\":\"https:\\\/\\\/veranoglobal.com\\\/br\\\/#website\"},\"primaryImageOfPage\":{\"@id\":\"https:\\\/\\\/veranoglobal.com\\\/br\\\/es\\\/aplicaciones\\\/dps-p6-extractor\\\/#primaryimage\"},\"image\":{\"@id\":\"https:\\\/\\\/veranoglobal.com\\\/br\\\/es\\\/aplicaciones\\\/dps-p6-extractor\\\/#primaryimage\"},\"thumbnailUrl\":\"https:\\\/\\\/veranoglobal.com\\\/br\\\/wp-content\\\/uploads\\\/2025\\\/07\\\/logo_DPS_color.png\",\"datePublished\":\"2025-05-13T01:24:20+00:00\",\"dateModified\":\"2026-03-11T20:49:45+00:00\",\"breadcrumb\":{\"@id\":\"https:\\\/\\\/veranoglobal.com\\\/br\\\/es\\\/aplicaciones\\\/dps-p6-extractor\\\/#breadcrumb\"},\"inLanguage\":\"pt-BR\",\"potentialAction\":[{\"@type\":\"ReadAction\",\"target\":[\"https:\\\/\\\/veranoglobal.com\\\/br\\\/es\\\/aplicaciones\\\/dps-p6-extractor\\\/\"]}]},{\"@type\":\"ImageObject\",\"inLanguage\":\"pt-BR\",\"@id\":\"https:\\\/\\\/veranoglobal.com\\\/br\\\/es\\\/aplicaciones\\\/dps-p6-extractor\\\/#primaryimage\",\"url\":\"https:\\\/\\\/veranoglobal.com\\\/br\\\/wp-content\\\/uploads\\\/2025\\\/07\\\/logo_DPS_color.png\",\"contentUrl\":\"https:\\\/\\\/veranoglobal.com\\\/br\\\/wp-content\\\/uploads\\\/2025\\\/07\\\/logo_DPS_color.png\",\"width\":908,\"height\":908},{\"@type\":\"BreadcrumbList\",\"@id\":\"https:\\\/\\\/veranoglobal.com\\\/br\\\/es\\\/aplicaciones\\\/dps-p6-extractor\\\/#breadcrumb\",\"itemListElement\":[{\"@type\":\"ListItem\",\"position\":1,\"name\":\"Inicio\",\"item\":\"https:\\\/\\\/veranoglobal.com\\\/br\\\/es\\\/inicio\\\/\"},{\"@type\":\"ListItem\",\"position\":2,\"name\":\"Aplicaciones\",\"item\":\"https:\\\/\\\/veranoglobal.com\\\/br\\\/es\\\/aplicaciones\\\/\"},{\"@type\":\"ListItem\",\"position\":3,\"name\":\"DPS P6 EXTRACTOR\"}]},{\"@type\":\"WebSite\",\"@id\":\"https:\\\/\\\/veranoglobal.com\\\/br\\\/#website\",\"url\":\"https:\\\/\\\/veranoglobal.com\\\/br\\\/\",\"name\":\"Verano Global\",\"description\":\"Verano Global\",\"publisher\":{\"@id\":\"https:\\\/\\\/veranoglobal.com\\\/br\\\/#organization\"},\"potentialAction\":[{\"@type\":\"SearchAction\",\"target\":{\"@type\":\"EntryPoint\",\"urlTemplate\":\"https:\\\/\\\/veranoglobal.com\\\/br\\\/?s={search_term_string}\"},\"query-input\":{\"@type\":\"PropertyValueSpecification\",\"valueRequired\":true,\"valueName\":\"search_term_string\"}}],\"inLanguage\":\"pt-BR\"},{\"@type\":\"Organization\",\"@id\":\"https:\\\/\\\/veranoglobal.com\\\/br\\\/#organization\",\"name\":\"Verano Global\",\"url\":\"https:\\\/\\\/veranoglobal.com\\\/br\\\/\",\"logo\":{\"@type\":\"ImageObject\",\"inLanguage\":\"pt-BR\",\"@id\":\"https:\\\/\\\/veranoglobal.com\\\/br\\\/#\\\/schema\\\/logo\\\/image\\\/\",\"url\":\"https:\\\/\\\/veranoglobal.com\\\/br\\\/wp-content\\\/uploads\\\/2025\\\/08\\\/logo_verano_br-1.png\",\"contentUrl\":\"https:\\\/\\\/veranoglobal.com\\\/br\\\/wp-content\\\/uploads\\\/2025\\\/08\\\/logo_verano_br-1.png\",\"width\":805,\"height\":512,\"caption\":\"Verano Global\"},\"image\":{\"@id\":\"https:\\\/\\\/veranoglobal.com\\\/br\\\/#\\\/schema\\\/logo\\\/image\\\/\"}}]}<\/script>\n<!-- \/ Yoast SEO plugin. -->","yoast_head_json":{"title":"DPS P6 EXTRACTOR - Verano Global","robots":{"index":"index","follow":"follow","max-snippet":"max-snippet:-1","max-image-preview":"max-image-preview:large","max-video-preview":"max-video-preview:-1"},"canonical":"https:\/\/veranoglobal.com\/br\/es\/aplicaciones\/dps-p6-extractor\/","og_locale":"pt_BR","og_type":"article","og_title":"DPS P6 EXTRACTOR - Verano Global","og_description":"DPS P6 Extractor Inicio P\u00e1gina \u00a1LA COMUNICACI\u00d3N DE SU PROYECTO NO REQUIERE SER COMPLICADA! \u00bfCuanto tiempo tarda para obtener las informaciones actualizadas de su proyecto? \u00bfCuanto tiempo gasta su equipo em la generaci\u00f3n de estas informaciones? \u00a1La comunicaci\u00f3n es vital para el \u00e9xito de su proyecto! Mientras m\u00e1s r\u00e1pido usted tenga acceso al avance e [&hellip;]","og_url":"https:\/\/veranoglobal.com\/br\/es\/aplicaciones\/dps-p6-extractor\/","og_site_name":"Verano Global","article_modified_time":"2026-03-11T20:49:45+00:00","og_image":[{"width":908,"height":908,"url":"https:\/\/veranoglobal.com\/br\/wp-content\/uploads\/2025\/07\/logo_DPS_color.png","type":"image\/png"}],"twitter_card":"summary_large_image","twitter_misc":{"Est. tempo de leitura":"3 minutos"},"schema":{"@context":"https:\/\/schema.org","@graph":[{"@type":"WebPage","@id":"https:\/\/veranoglobal.com\/br\/es\/aplicaciones\/dps-p6-extractor\/","url":"https:\/\/veranoglobal.com\/br\/es\/aplicaciones\/dps-p6-extractor\/","name":"DPS P6 EXTRACTOR - Verano Global","isPartOf":{"@id":"https:\/\/veranoglobal.com\/br\/#website"},"primaryImageOfPage":{"@id":"https:\/\/veranoglobal.com\/br\/es\/aplicaciones\/dps-p6-extractor\/#primaryimage"},"image":{"@id":"https:\/\/veranoglobal.com\/br\/es\/aplicaciones\/dps-p6-extractor\/#primaryimage"},"thumbnailUrl":"https:\/\/veranoglobal.com\/br\/wp-content\/uploads\/2025\/07\/logo_DPS_color.png","datePublished":"2025-05-13T01:24:20+00:00","dateModified":"2026-03-11T20:49:45+00:00","breadcrumb":{"@id":"https:\/\/veranoglobal.com\/br\/es\/aplicaciones\/dps-p6-extractor\/#breadcrumb"},"inLanguage":"pt-BR","potentialAction":[{"@type":"ReadAction","target":["https:\/\/veranoglobal.com\/br\/es\/aplicaciones\/dps-p6-extractor\/"]}]},{"@type":"ImageObject","inLanguage":"pt-BR","@id":"https:\/\/veranoglobal.com\/br\/es\/aplicaciones\/dps-p6-extractor\/#primaryimage","url":"https:\/\/veranoglobal.com\/br\/wp-content\/uploads\/2025\/07\/logo_DPS_color.png","contentUrl":"https:\/\/veranoglobal.com\/br\/wp-content\/uploads\/2025\/07\/logo_DPS_color.png","width":908,"height":908},{"@type":"BreadcrumbList","@id":"https:\/\/veranoglobal.com\/br\/es\/aplicaciones\/dps-p6-extractor\/#breadcrumb","itemListElement":[{"@type":"ListItem","position":1,"name":"Inicio","item":"https:\/\/veranoglobal.com\/br\/es\/inicio\/"},{"@type":"ListItem","position":2,"name":"Aplicaciones","item":"https:\/\/veranoglobal.com\/br\/es\/aplicaciones\/"},{"@type":"ListItem","position":3,"name":"DPS P6 EXTRACTOR"}]},{"@type":"WebSite","@id":"https:\/\/veranoglobal.com\/br\/#website","url":"https:\/\/veranoglobal.com\/br\/","name":"Verano Global","description":"Verano Global","publisher":{"@id":"https:\/\/veranoglobal.com\/br\/#organization"},"potentialAction":[{"@type":"SearchAction","target":{"@type":"EntryPoint","urlTemplate":"https:\/\/veranoglobal.com\/br\/?s={search_term_string}"},"query-input":{"@type":"PropertyValueSpecification","valueRequired":true,"valueName":"search_term_string"}}],"inLanguage":"pt-BR"},{"@type":"Organization","@id":"https:\/\/veranoglobal.com\/br\/#organization","name":"Verano Global","url":"https:\/\/veranoglobal.com\/br\/","logo":{"@type":"ImageObject","inLanguage":"pt-BR","@id":"https:\/\/veranoglobal.com\/br\/#\/schema\/logo\/image\/","url":"https:\/\/veranoglobal.com\/br\/wp-content\/uploads\/2025\/08\/logo_verano_br-1.png","contentUrl":"https:\/\/veranoglobal.com\/br\/wp-content\/uploads\/2025\/08\/logo_verano_br-1.png","width":805,"height":512,"caption":"Verano Global"},"image":{"@id":"https:\/\/veranoglobal.com\/br\/#\/schema\/logo\/image\/"}}]}},"_links":{"self":[{"href":"https:\/\/veranoglobal.com\/br\/wp-json\/wp\/v2\/pages\/1416","targetHints":{"allow":["GET"]}}],"collection":[{"href":"https:\/\/veranoglobal.com\/br\/wp-json\/wp\/v2\/pages"}],"about":[{"href":"https:\/\/veranoglobal.com\/br\/wp-json\/wp\/v2\/types\/page"}],"author":[{"embeddable":true,"href":"https:\/\/veranoglobal.com\/br\/wp-json\/wp\/v2\/users\/2"}],"replies":[{"embeddable":true,"href":"https:\/\/veranoglobal.com\/br\/wp-json\/wp\/v2\/comments?post=1416"}],"version-history":[{"count":19,"href":"https:\/\/veranoglobal.com\/br\/wp-json\/wp\/v2\/pages\/1416\/revisions"}],"predecessor-version":[{"id":2917,"href":"https:\/\/veranoglobal.com\/br\/wp-json\/wp\/v2\/pages\/1416\/revisions\/2917"}],"up":[{"embeddable":true,"href":"https:\/\/veranoglobal.com\/br\/wp-json\/wp\/v2\/pages\/182"}],"wp:attachment":[{"href":"https:\/\/veranoglobal.com\/br\/wp-json\/wp\/v2\/media?parent=1416"}],"curies":[{"name":"wp","href":"https:\/\/api.w.org\/{rel}","templated":true}]}}