{"id":1974,"date":"2025-08-29T08:56:35","date_gmt":"2025-08-29T08:56:35","guid":{"rendered":"https:\/\/veranoglobal.com\/br\/?page_id=1974"},"modified":"2026-01-07T17:35:46","modified_gmt":"2026-01-07T20:35:46","slug":"sobre","status":"publish","type":"page","link":"https:\/\/veranoglobal.com\/br\/sobre\/","title":{"rendered":"Sobre"},"content":{"rendered":"\t\t<div data-elementor-type=\"wp-page\" data-elementor-id=\"1974\" class=\"elementor elementor-1974\" data-elementor-settings=\"{&quot;element_pack_global_tooltip_width&quot;:{&quot;unit&quot;:&quot;px&quot;,&quot;size&quot;:&quot;&quot;,&quot;sizes&quot;:[]},&quot;element_pack_global_tooltip_width_tablet&quot;:{&quot;unit&quot;:&quot;px&quot;,&quot;size&quot;:&quot;&quot;,&quot;sizes&quot;:[]},&quot;element_pack_global_tooltip_width_mobile&quot;:{&quot;unit&quot;:&quot;px&quot;,&quot;size&quot;:&quot;&quot;,&quot;sizes&quot;:[]},&quot;element_pack_global_tooltip_padding&quot;:{&quot;unit&quot;:&quot;px&quot;,&quot;top&quot;:&quot;&quot;,&quot;right&quot;:&quot;&quot;,&quot;bottom&quot;:&quot;&quot;,&quot;left&quot;:&quot;&quot;,&quot;isLinked&quot;:true},&quot;element_pack_global_tooltip_padding_tablet&quot;:{&quot;unit&quot;:&quot;px&quot;,&quot;top&quot;:&quot;&quot;,&quot;right&quot;:&quot;&quot;,&quot;bottom&quot;:&quot;&quot;,&quot;left&quot;:&quot;&quot;,&quot;isLinked&quot;:true},&quot;element_pack_global_tooltip_padding_mobile&quot;:{&quot;unit&quot;:&quot;px&quot;,&quot;top&quot;:&quot;&quot;,&quot;right&quot;:&quot;&quot;,&quot;bottom&quot;:&quot;&quot;,&quot;left&quot;:&quot;&quot;,&quot;isLinked&quot;:true},&quot;element_pack_global_tooltip_border_radius&quot;:{&quot;unit&quot;:&quot;px&quot;,&quot;top&quot;:&quot;&quot;,&quot;right&quot;:&quot;&quot;,&quot;bottom&quot;:&quot;&quot;,&quot;left&quot;:&quot;&quot;,&quot;isLinked&quot;:true},&quot;element_pack_global_tooltip_border_radius_tablet&quot;:{&quot;unit&quot;:&quot;px&quot;,&quot;top&quot;:&quot;&quot;,&quot;right&quot;:&quot;&quot;,&quot;bottom&quot;:&quot;&quot;,&quot;left&quot;:&quot;&quot;,&quot;isLinked&quot;:true},&quot;element_pack_global_tooltip_border_radius_mobile&quot;:{&quot;unit&quot;:&quot;px&quot;,&quot;top&quot;:&quot;&quot;,&quot;right&quot;:&quot;&quot;,&quot;bottom&quot;:&quot;&quot;,&quot;left&quot;:&quot;&quot;,&quot;isLinked&quot;:true}}\" data-elementor-post-type=\"page\">\n\t\t\t\t<div class=\"elementor-element elementor-element-54c00ab e-flex e-con-boxed e-con e-parent\" data-id=\"54c00ab\" data-element_type=\"container\" data-e-type=\"container\" data-settings=\"{&quot;background_background&quot;:&quot;classic&quot;}\">\n\t\t\t\t\t<div class=\"e-con-inner\">\n\t\t\t\t<div class=\"elementor-element elementor-element-7e1dcc4 elementor-widget elementor-widget-heading\" data-id=\"7e1dcc4\" data-element_type=\"widget\" data-e-type=\"widget\" data-widget_type=\"heading.default\">\n\t\t\t\t<div class=\"elementor-widget-container\">\n\t\t\t\t\t<h2 class=\"elementor-heading-title elementor-size-default\">Bem-vindo! Somos o Verano<\/h2>\t\t\t\t<\/div>\n\t\t\t\t<\/div>\n\t\t\t\t<div class=\"elementor-element elementor-element-f9cb608 elementor-widget elementor-widget-heading\" data-id=\"f9cb608\" data-element_type=\"widget\" data-e-type=\"widget\" data-widget_type=\"heading.default\">\n\t\t\t\t<div class=\"elementor-widget-container\">\n\t\t\t\t\t<h2 class=\"elementor-heading-title elementor-size-default\">N\u00f3s ajudamos voc\u00ea a tornar o sucesso uma certeza<\/h2>\t\t\t\t<\/div>\n\t\t\t\t<\/div>\n\t\t\t\t\t<\/div>\n\t\t\t\t<\/div>\n\t\t<div class=\"elementor-element elementor-element-4e5c398 e-flex e-con-boxed e-con e-parent\" data-id=\"4e5c398\" data-element_type=\"container\" data-e-type=\"container\">\n\t\t\t\t\t<div class=\"e-con-inner\">\n\t\t\t\t<div class=\"elementor-element elementor-element-b529acd elementor-widget elementor-widget-bdt-breadcrumbs\" data-id=\"b529acd\" data-element_type=\"widget\" data-e-type=\"widget\" data-widget_type=\"bdt-breadcrumbs.default\">\n\t\t\t\t<div class=\"elementor-widget-container\">\n\t\t\t\t\t<div class='bdt-ep-breadcrumbs-wrapper'><ul class=\"bdt-ep-breadcrumb breadcrumb-align-left  \"><li><a href=\"https:\/\/veranoglobal.com\/br\/\">Inicio<\/a><\/li>\n<li><span> P\u00e1gina<\/span><\/li>\n<\/ul><\/div>\t\t\t\t<\/div>\n\t\t\t\t<\/div>\n\t\t\t\t\t<\/div>\n\t\t\t\t<\/div>\n\t\t<div class=\"elementor-element elementor-element-16cd770 e-flex e-con-boxed e-con e-parent\" data-id=\"16cd770\" data-element_type=\"container\" data-e-type=\"container\">\n\t\t\t\t\t<div class=\"e-con-inner\">\n\t\t<div class=\"elementor-element elementor-element-1e8f938 e-con-full e-flex e-con e-child\" data-id=\"1e8f938\" data-element_type=\"container\" data-e-type=\"container\">\n\t\t\t\t<div class=\"elementor-element elementor-element-3341438 elementor-widget elementor-widget-heading\" data-id=\"3341438\" data-element_type=\"widget\" data-e-type=\"widget\" data-widget_type=\"heading.default\">\n\t\t\t\t<div class=\"elementor-widget-container\">\n\t\t\t\t\t<h2 class=\"elementor-heading-title elementor-size-default\">Quem somos n\u00f3s?<\/h2>\t\t\t\t<\/div>\n\t\t\t\t<\/div>\n\t\t\t\t<div class=\"elementor-element elementor-element-46f2f32 elementor-widget elementor-widget-text-editor\" data-id=\"46f2f32\" data-element_type=\"widget\" data-e-type=\"widget\" data-widget_type=\"text-editor.default\">\n\t\t\t\t<div class=\"elementor-widget-container\">\n\t\t\t\t\t\t\t\t\t<p>Desde 1982, oferecemos o que h\u00e1 de melhor em experi\u00eancia e equipes profissionais para ajudar nossos clientes a alcan\u00e7ar o sucesso em seus projetos, otimizar suas opera\u00e7\u00f5es e minimizar riscos. Somos o maior representante de solu\u00e7\u00f5es Primavera na Am\u00e9rica Latina, um Parceiro Oracle Platinum &#8211; N\u00edvel 1 desde 2008 e o maior vendedor de solu\u00e7\u00f5es Oracle Primavera no mundo em 2011 e 2012.<\/p><p>Com presen\u00e7a no M\u00e9xico, Rep\u00fablica Dominicana, Col\u00f4mbia, Equador, Peru, Brasil e Argentina, nossos consultores fornecem suporte, assist\u00eancia na implementa\u00e7\u00e3o e otimiza\u00e7\u00e3o de processos, al\u00e9m de treinamento, para as maiores e mais importantes empresas nacionais e internacionais da Am\u00e9rica Latina.<\/p><p>Nossa proposta de valor em consultoria de neg\u00f3cios se concentra nas melhores pr\u00e1ticas para a implementa\u00e7\u00e3o de ferramentas e processos voltados para o sucesso de nossos clientes, fornecendo suporte de alta qualidade para as \u00e1reas estrat\u00e9gica, t\u00e1tica e operacional. Na \u00e1rea de TI, contamos com uma \u00e1rea de desenvolvimento com profissionais treinados e know-how em diferentes linhas de neg\u00f3cios, oferecendo uma gama de produtos e servi\u00e7os de alto n\u00edvel.<\/p>\t\t\t\t\t\t\t\t<\/div>\n\t\t\t\t<\/div>\n\t\t\t\t<\/div>\n\t\t\t\t\t<\/div>\n\t\t\t\t<\/div>\n\t\t<div class=\"elementor-element elementor-element-3d5a47a e-flex e-con-boxed e-con e-parent\" data-id=\"3d5a47a\" data-element_type=\"container\" data-e-type=\"container\">\n\t\t\t\t\t<div class=\"e-con-inner\">\n\t\t<div class=\"elementor-element elementor-element-306790e e-con-full e-flex e-con e-child\" data-id=\"306790e\" data-element_type=\"container\" data-e-type=\"container\">\n\t\t\t\t<div class=\"elementor-element elementor-element-1a9f04d elementor-widget elementor-widget-image\" data-id=\"1a9f04d\" data-element_type=\"widget\" data-e-type=\"widget\" data-widget_type=\"image.default\">\n\t\t\t\t<div class=\"elementor-widget-container\">\n\t\t\t\t\t\t\t\t\t\t\t\t\t\t\t<img fetchpriority=\"high\" decoding=\"async\" width=\"2560\" height=\"945\" src=\"https:\/\/veranoglobal.com\/br\/wp-content\/uploads\/2025\/11\/Lieneadeltiempo_br-scaled.png\" class=\"attachment-full size-full wp-image-2743\" alt=\"\" srcset=\"https:\/\/veranoglobal.com\/br\/wp-content\/uploads\/2025\/11\/Lieneadeltiempo_br-scaled.png 2560w, https:\/\/veranoglobal.com\/br\/wp-content\/uploads\/2025\/11\/Lieneadeltiempo_br-300x111.png 300w, https:\/\/veranoglobal.com\/br\/wp-content\/uploads\/2025\/11\/Lieneadeltiempo_br-1024x378.png 1024w, https:\/\/veranoglobal.com\/br\/wp-content\/uploads\/2025\/11\/Lieneadeltiempo_br-768x284.png 768w, https:\/\/veranoglobal.com\/br\/wp-content\/uploads\/2025\/11\/Lieneadeltiempo_br-1536x567.png 1536w, https:\/\/veranoglobal.com\/br\/wp-content\/uploads\/2025\/11\/Lieneadeltiempo_br-2048x756.png 2048w\" sizes=\"(max-width: 2560px) 100vw, 2560px\" \/>\t\t\t\t\t\t\t\t\t\t\t\t\t\t\t<\/div>\n\t\t\t\t<\/div>\n\t\t\t\t<\/div>\n\t\t\t\t\t<\/div>\n\t\t\t\t<\/div>\n\t\t<div class=\"elementor-element elementor-element-207bd68 e-flex e-con-boxed e-con e-parent\" data-id=\"207bd68\" data-element_type=\"container\" data-e-type=\"container\">\n\t\t\t\t\t<div class=\"e-con-inner\">\n\t\t\t\t<div class=\"elementor-element elementor-element-8d48d95 elementor-widget-divider--view-line elementor-widget elementor-widget-divider\" data-id=\"8d48d95\" data-element_type=\"widget\" data-e-type=\"widget\" data-widget_type=\"divider.default\">\n\t\t\t\t<div class=\"elementor-widget-container\">\n\t\t\t\t\t\t\t<div class=\"elementor-divider\">\n\t\t\t<span class=\"elementor-divider-separator\">\n\t\t\t\t\t\t<\/span>\n\t\t<\/div>\n\t\t\t\t\t\t<\/div>\n\t\t\t\t<\/div>\n\t\t\t\t\t<\/div>\n\t\t\t\t<\/div>\n\t\t<div class=\"elementor-element elementor-element-21bf8cf e-flex e-con-boxed e-con e-parent\" data-id=\"21bf8cf\" data-element_type=\"container\" data-e-type=\"container\" data-settings=\"{&quot;background_background&quot;:&quot;classic&quot;}\">\n\t\t\t\t\t<div class=\"e-con-inner\">\n\t\t<div class=\"elementor-element elementor-element-d78951e e-con-full e-flex e-con e-child\" data-id=\"d78951e\" data-element_type=\"container\" data-e-type=\"container\">\n\t\t\t\t<div class=\"elementor-element elementor-element-befb5eb elementor-widget elementor-widget-image\" data-id=\"befb5eb\" data-element_type=\"widget\" data-e-type=\"widget\" data-widget_type=\"image.default\">\n\t\t\t\t<div class=\"elementor-widget-container\">\n\t\t\t\t\t\t\t\t\t\t\t\t\t\t\t<img decoding=\"async\" width=\"2560\" height=\"928\" src=\"https:\/\/veranoglobal.com\/br\/wp-content\/uploads\/2025\/11\/horas_br-scaled.png\" class=\"attachment-full size-full wp-image-2738\" alt=\"\" srcset=\"https:\/\/veranoglobal.com\/br\/wp-content\/uploads\/2025\/11\/horas_br-scaled.png 2560w, https:\/\/veranoglobal.com\/br\/wp-content\/uploads\/2025\/11\/horas_br-300x109.png 300w, https:\/\/veranoglobal.com\/br\/wp-content\/uploads\/2025\/11\/horas_br-1024x371.png 1024w, https:\/\/veranoglobal.com\/br\/wp-content\/uploads\/2025\/11\/horas_br-768x278.png 768w, https:\/\/veranoglobal.com\/br\/wp-content\/uploads\/2025\/11\/horas_br-1536x557.png 1536w, https:\/\/veranoglobal.com\/br\/wp-content\/uploads\/2025\/11\/horas_br-2048x742.png 2048w\" sizes=\"(max-width: 2560px) 100vw, 2560px\" \/>\t\t\t\t\t\t\t\t\t\t\t\t\t\t\t<\/div>\n\t\t\t\t<\/div>\n\t\t\t\t<\/div>\n\t\t\t\t\t<\/div>\n\t\t\t\t<\/div>\n\t\t<div class=\"elementor-element elementor-element-ab1e869 e-flex e-con-boxed e-con e-parent\" data-id=\"ab1e869\" data-element_type=\"container\" data-e-type=\"container\">\n\t\t\t\t\t<div class=\"e-con-inner\">\n\t\t\t\t<div class=\"elementor-element elementor-element-28c5d7d elementor-widget-divider--view-line elementor-widget elementor-widget-divider\" data-id=\"28c5d7d\" data-element_type=\"widget\" data-e-type=\"widget\" data-widget_type=\"divider.default\">\n\t\t\t\t<div class=\"elementor-widget-container\">\n\t\t\t\t\t\t\t<div class=\"elementor-divider\">\n\t\t\t<span class=\"elementor-divider-separator\">\n\t\t\t\t\t\t<\/span>\n\t\t<\/div>\n\t\t\t\t\t\t<\/div>\n\t\t\t\t<\/div>\n\t\t\t\t\t<\/div>\n\t\t\t\t<\/div>\n\t\t<div class=\"elementor-element elementor-element-89295ef e-flex e-con-boxed e-con e-parent\" data-id=\"89295ef\" data-element_type=\"container\" data-e-type=\"container\">\n\t\t\t\t\t<div class=\"e-con-inner\">\n\t\t<div class=\"elementor-element elementor-element-075f999 e-con-full e-flex e-con e-child\" data-id=\"075f999\" data-element_type=\"container\" data-e-type=\"container\">\n\t\t\t\t<div class=\"elementor-element elementor-element-083c923 elementor-widget elementor-widget-text-editor\" data-id=\"083c923\" data-element_type=\"widget\" data-e-type=\"widget\" data-widget_type=\"text-editor.default\">\n\t\t\t\t<div class=\"elementor-widget-container\">\n\t\t\t\t\t\t\t\t\t<p><strong>Miss\u00e3o:<\/strong> Oferecer solu\u00e7\u00f5es em projetos e opera\u00e7\u00f5es que atendam \u00e0s necessidades dos nossos clientes com \u00e9tica, qualidade e seguran\u00e7a, respeitando o meio ambiente e a sociedade, agregando valor aos nossos colaboradores e gerando rentabilidade aos nossos acionistas.<\/p><p><strong>Vis\u00e3o:<\/strong> Ser a empresa l\u00edder em seu segmento na Am\u00e9rica Latina.<\/p>\t\t\t\t\t\t\t\t<\/div>\n\t\t\t\t<\/div>\n\t\t\t\t<\/div>\n\t\t<div class=\"elementor-element elementor-element-aaa96a4 e-con-full e-flex e-con e-child\" data-id=\"aaa96a4\" data-element_type=\"container\" data-e-type=\"container\">\n\t\t\t\t<div class=\"elementor-element elementor-element-155cde6 elementor-widget elementor-widget-image\" data-id=\"155cde6\" data-element_type=\"widget\" data-e-type=\"widget\" data-widget_type=\"image.default\">\n\t\t\t\t<div class=\"elementor-widget-container\">\n\t\t\t\t\t\t\t\t\t\t\t\t\t\t\t<img decoding=\"async\" width=\"1024\" height=\"768\" src=\"https:\/\/veranoglobal.com\/br\/wp-content\/uploads\/2025\/11\/valoresportugues.png\" class=\"attachment-full size-full wp-image-2750\" alt=\"\" srcset=\"https:\/\/veranoglobal.com\/br\/wp-content\/uploads\/2025\/11\/valoresportugues.png 1024w, https:\/\/veranoglobal.com\/br\/wp-content\/uploads\/2025\/11\/valoresportugues-300x225.png 300w, https:\/\/veranoglobal.com\/br\/wp-content\/uploads\/2025\/11\/valoresportugues-768x576.png 768w\" sizes=\"(max-width: 1024px) 100vw, 1024px\" \/>\t\t\t\t\t\t\t\t\t\t\t\t\t\t\t<\/div>\n\t\t\t\t<\/div>\n\t\t\t\t<\/div>\n\t\t\t\t\t<\/div>\n\t\t\t\t<\/div>\n\t\t\t\t<\/div>\n\t\t","protected":false},"excerpt":{"rendered":"<p>Bem-vindo! Somos o Verano N\u00f3s ajudamos voc\u00ea a tornar o sucesso uma certeza Inicio P\u00e1gina Quem somos n\u00f3s? Desde 1982, oferecemos o que h\u00e1 de melhor em experi\u00eancia e equipes profissionais para ajudar nossos clientes a alcan\u00e7ar o sucesso em seus projetos, otimizar suas opera\u00e7\u00f5es e minimizar riscos. Somos o maior representante de solu\u00e7\u00f5es Primavera [&hellip;]<\/p>\n","protected":false},"author":2,"featured_media":0,"parent":0,"menu_order":0,"comment_status":"closed","ping_status":"closed","template":"","meta":{"_joinchat":[],"footnotes":""},"class_list":["post-1974","page","type-page","status-publish","hentry"],"yoast_head":"<!-- This site is optimized with the Yoast SEO plugin v27.1.1 - https:\/\/yoast.com\/product\/yoast-seo-wordpress\/ -->\n<title>Sobre - Verano Global<\/title>\n<meta name=\"robots\" content=\"index, follow, max-snippet:-1, max-image-preview:large, max-video-preview:-1\" \/>\n<link rel=\"canonical\" href=\"https:\/\/veranoglobal.com\/br\/sobre\/\" \/>\n<meta property=\"og:locale\" content=\"pt_BR\" \/>\n<meta property=\"og:type\" content=\"article\" \/>\n<meta property=\"og:title\" content=\"Sobre - Verano Global\" \/>\n<meta property=\"og:description\" content=\"Bem-vindo! Somos o Verano N\u00f3s ajudamos voc\u00ea a tornar o sucesso uma certeza Inicio P\u00e1gina Quem somos n\u00f3s? Desde 1982, oferecemos o que h\u00e1 de melhor em experi\u00eancia e equipes profissionais para ajudar nossos clientes a alcan\u00e7ar o sucesso em seus projetos, otimizar suas opera\u00e7\u00f5es e minimizar riscos. Somos o maior representante de solu\u00e7\u00f5es Primavera [&hellip;]\" \/>\n<meta property=\"og:url\" content=\"https:\/\/veranoglobal.com\/br\/sobre\/\" \/>\n<meta property=\"og:site_name\" content=\"Verano Global\" \/>\n<meta property=\"article:modified_time\" content=\"2026-01-07T20:35:46+00:00\" \/>\n<meta property=\"og:image\" content=\"https:\/\/veranoglobal.com\/br\/wp-content\/uploads\/2025\/11\/Lieneadeltiempo_br-scaled.png\" \/>\n\t<meta property=\"og:image:width\" content=\"2560\" \/>\n\t<meta property=\"og:image:height\" content=\"945\" \/>\n\t<meta property=\"og:image:type\" content=\"image\/png\" \/>\n<meta name=\"twitter:card\" content=\"summary_large_image\" \/>\n<meta name=\"twitter:label1\" content=\"Est. tempo de leitura\" \/>\n\t<meta name=\"twitter:data1\" content=\"2 minutos\" \/>\n<script type=\"application\/ld+json\" class=\"yoast-schema-graph\">{\"@context\":\"https:\/\/schema.org\",\"@graph\":[{\"@type\":\"WebPage\",\"@id\":\"https:\/\/veranoglobal.com\/br\/sobre\/\",\"url\":\"https:\/\/veranoglobal.com\/br\/sobre\/\",\"name\":\"Sobre - Verano Global\",\"isPartOf\":{\"@id\":\"https:\/\/veranoglobal.com\/br\/#website\"},\"primaryImageOfPage\":{\"@id\":\"https:\/\/veranoglobal.com\/br\/sobre\/#primaryimage\"},\"image\":{\"@id\":\"https:\/\/veranoglobal.com\/br\/sobre\/#primaryimage\"},\"thumbnailUrl\":\"https:\/\/veranoglobal.com\/br\/wp-content\/uploads\/2025\/11\/Lieneadeltiempo_br-scaled.png\",\"datePublished\":\"2025-08-29T08:56:35+00:00\",\"dateModified\":\"2026-01-07T20:35:46+00:00\",\"breadcrumb\":{\"@id\":\"https:\/\/veranoglobal.com\/br\/sobre\/#breadcrumb\"},\"inLanguage\":\"pt-BR\",\"potentialAction\":[{\"@type\":\"ReadAction\",\"target\":[\"https:\/\/veranoglobal.com\/br\/sobre\/\"]}]},{\"@type\":\"ImageObject\",\"inLanguage\":\"pt-BR\",\"@id\":\"https:\/\/veranoglobal.com\/br\/sobre\/#primaryimage\",\"url\":\"https:\/\/veranoglobal.com\/br\/wp-content\/uploads\/2025\/11\/Lieneadeltiempo_br-scaled.png\",\"contentUrl\":\"https:\/\/veranoglobal.com\/br\/wp-content\/uploads\/2025\/11\/Lieneadeltiempo_br-scaled.png\",\"width\":2560,\"height\":945},{\"@type\":\"BreadcrumbList\",\"@id\":\"https:\/\/veranoglobal.com\/br\/sobre\/#breadcrumb\",\"itemListElement\":[{\"@type\":\"ListItem\",\"position\":1,\"name\":\"Inicio\",\"item\":\"https:\/\/veranoglobal.com\/br\/es\/inicio\/\"},{\"@type\":\"ListItem\",\"position\":2,\"name\":\"Sobre\"}]},{\"@type\":\"WebSite\",\"@id\":\"https:\/\/veranoglobal.com\/br\/#website\",\"url\":\"https:\/\/veranoglobal.com\/br\/\",\"name\":\"Verano Global\",\"description\":\"Verano Global\",\"publisher\":{\"@id\":\"https:\/\/veranoglobal.com\/br\/#organization\"},\"potentialAction\":[{\"@type\":\"SearchAction\",\"target\":{\"@type\":\"EntryPoint\",\"urlTemplate\":\"https:\/\/veranoglobal.com\/br\/?s={search_term_string}\"},\"query-input\":{\"@type\":\"PropertyValueSpecification\",\"valueRequired\":true,\"valueName\":\"search_term_string\"}}],\"inLanguage\":\"pt-BR\"},{\"@type\":\"Organization\",\"@id\":\"https:\/\/veranoglobal.com\/br\/#organization\",\"name\":\"Verano Global\",\"url\":\"https:\/\/veranoglobal.com\/br\/\",\"logo\":{\"@type\":\"ImageObject\",\"inLanguage\":\"pt-BR\",\"@id\":\"https:\/\/veranoglobal.com\/br\/#\/schema\/logo\/image\/\",\"url\":\"https:\/\/veranoglobal.com\/br\/wp-content\/uploads\/2025\/08\/logo_verano_br-1.png\",\"contentUrl\":\"https:\/\/veranoglobal.com\/br\/wp-content\/uploads\/2025\/08\/logo_verano_br-1.png\",\"width\":805,\"height\":512,\"caption\":\"Verano Global\"},\"image\":{\"@id\":\"https:\/\/veranoglobal.com\/br\/#\/schema\/logo\/image\/\"}}]}<\/script>\n<!-- \/ Yoast SEO plugin. -->","yoast_head_json":{"title":"Sobre - Verano Global","robots":{"index":"index","follow":"follow","max-snippet":"max-snippet:-1","max-image-preview":"max-image-preview:large","max-video-preview":"max-video-preview:-1"},"canonical":"https:\/\/veranoglobal.com\/br\/sobre\/","og_locale":"pt_BR","og_type":"article","og_title":"Sobre - Verano Global","og_description":"Bem-vindo! Somos o Verano N\u00f3s ajudamos voc\u00ea a tornar o sucesso uma certeza Inicio P\u00e1gina Quem somos n\u00f3s? Desde 1982, oferecemos o que h\u00e1 de melhor em experi\u00eancia e equipes profissionais para ajudar nossos clientes a alcan\u00e7ar o sucesso em seus projetos, otimizar suas opera\u00e7\u00f5es e minimizar riscos. Somos o maior representante de solu\u00e7\u00f5es Primavera [&hellip;]","og_url":"https:\/\/veranoglobal.com\/br\/sobre\/","og_site_name":"Verano Global","article_modified_time":"2026-01-07T20:35:46+00:00","og_image":[{"width":2560,"height":945,"url":"https:\/\/veranoglobal.com\/br\/wp-content\/uploads\/2025\/11\/Lieneadeltiempo_br-scaled.png","type":"image\/png"}],"twitter_card":"summary_large_image","twitter_misc":{"Est. tempo de leitura":"2 minutos"},"schema":{"@context":"https:\/\/schema.org","@graph":[{"@type":"WebPage","@id":"https:\/\/veranoglobal.com\/br\/sobre\/","url":"https:\/\/veranoglobal.com\/br\/sobre\/","name":"Sobre - Verano Global","isPartOf":{"@id":"https:\/\/veranoglobal.com\/br\/#website"},"primaryImageOfPage":{"@id":"https:\/\/veranoglobal.com\/br\/sobre\/#primaryimage"},"image":{"@id":"https:\/\/veranoglobal.com\/br\/sobre\/#primaryimage"},"thumbnailUrl":"https:\/\/veranoglobal.com\/br\/wp-content\/uploads\/2025\/11\/Lieneadeltiempo_br-scaled.png","datePublished":"2025-08-29T08:56:35+00:00","dateModified":"2026-01-07T20:35:46+00:00","breadcrumb":{"@id":"https:\/\/veranoglobal.com\/br\/sobre\/#breadcrumb"},"inLanguage":"pt-BR","potentialAction":[{"@type":"ReadAction","target":["https:\/\/veranoglobal.com\/br\/sobre\/"]}]},{"@type":"ImageObject","inLanguage":"pt-BR","@id":"https:\/\/veranoglobal.com\/br\/sobre\/#primaryimage","url":"https:\/\/veranoglobal.com\/br\/wp-content\/uploads\/2025\/11\/Lieneadeltiempo_br-scaled.png","contentUrl":"https:\/\/veranoglobal.com\/br\/wp-content\/uploads\/2025\/11\/Lieneadeltiempo_br-scaled.png","width":2560,"height":945},{"@type":"BreadcrumbList","@id":"https:\/\/veranoglobal.com\/br\/sobre\/#breadcrumb","itemListElement":[{"@type":"ListItem","position":1,"name":"Inicio","item":"https:\/\/veranoglobal.com\/br\/es\/inicio\/"},{"@type":"ListItem","position":2,"name":"Sobre"}]},{"@type":"WebSite","@id":"https:\/\/veranoglobal.com\/br\/#website","url":"https:\/\/veranoglobal.com\/br\/","name":"Verano Global","description":"Verano Global","publisher":{"@id":"https:\/\/veranoglobal.com\/br\/#organization"},"potentialAction":[{"@type":"SearchAction","target":{"@type":"EntryPoint","urlTemplate":"https:\/\/veranoglobal.com\/br\/?s={search_term_string}"},"query-input":{"@type":"PropertyValueSpecification","valueRequired":true,"valueName":"search_term_string"}}],"inLanguage":"pt-BR"},{"@type":"Organization","@id":"https:\/\/veranoglobal.com\/br\/#organization","name":"Verano Global","url":"https:\/\/veranoglobal.com\/br\/","logo":{"@type":"ImageObject","inLanguage":"pt-BR","@id":"https:\/\/veranoglobal.com\/br\/#\/schema\/logo\/image\/","url":"https:\/\/veranoglobal.com\/br\/wp-content\/uploads\/2025\/08\/logo_verano_br-1.png","contentUrl":"https:\/\/veranoglobal.com\/br\/wp-content\/uploads\/2025\/08\/logo_verano_br-1.png","width":805,"height":512,"caption":"Verano Global"},"image":{"@id":"https:\/\/veranoglobal.com\/br\/#\/schema\/logo\/image\/"}}]}},"_links":{"self":[{"href":"https:\/\/veranoglobal.com\/br\/wp-json\/wp\/v2\/pages\/1974","targetHints":{"allow":["GET"]}}],"collection":[{"href":"https:\/\/veranoglobal.com\/br\/wp-json\/wp\/v2\/pages"}],"about":[{"href":"https:\/\/veranoglobal.com\/br\/wp-json\/wp\/v2\/types\/page"}],"author":[{"embeddable":true,"href":"https:\/\/veranoglobal.com\/br\/wp-json\/wp\/v2\/users\/2"}],"replies":[{"embeddable":true,"href":"https:\/\/veranoglobal.com\/br\/wp-json\/wp\/v2\/comments?post=1974"}],"version-history":[{"count":25,"href":"https:\/\/veranoglobal.com\/br\/wp-json\/wp\/v2\/pages\/1974\/revisions"}],"predecessor-version":[{"id":2903,"href":"https:\/\/veranoglobal.com\/br\/wp-json\/wp\/v2\/pages\/1974\/revisions\/2903"}],"wp:attachment":[{"href":"https:\/\/veranoglobal.com\/br\/wp-json\/wp\/v2\/media?parent=1974"}],"curies":[{"name":"wp","href":"https:\/\/api.w.org\/{rel}","templated":true}]}}