{"id":225,"date":"2025-05-13T01:24:20","date_gmt":"2025-05-13T01:24:20","guid":{"rendered":"https:\/\/veranoglobal.com\/br\/?page_id=225"},"modified":"2026-03-12T18:13:56","modified_gmt":"2026-03-12T21:13:56","slug":"clientes","status":"publish","type":"page","link":"https:\/\/veranoglobal.com\/br\/es\/clientes\/","title":{"rendered":"Clientes"},"content":{"rendered":"\t\t<div data-elementor-type=\"wp-page\" data-elementor-id=\"225\" class=\"elementor elementor-225\" data-elementor-settings=\"{&quot;element_pack_global_tooltip_width&quot;:{&quot;unit&quot;:&quot;px&quot;,&quot;size&quot;:&quot;&quot;,&quot;sizes&quot;:[]},&quot;element_pack_global_tooltip_width_tablet&quot;:{&quot;unit&quot;:&quot;px&quot;,&quot;size&quot;:&quot;&quot;,&quot;sizes&quot;:[]},&quot;element_pack_global_tooltip_width_mobile&quot;:{&quot;unit&quot;:&quot;px&quot;,&quot;size&quot;:&quot;&quot;,&quot;sizes&quot;:[]},&quot;element_pack_global_tooltip_padding&quot;:{&quot;unit&quot;:&quot;px&quot;,&quot;top&quot;:&quot;&quot;,&quot;right&quot;:&quot;&quot;,&quot;bottom&quot;:&quot;&quot;,&quot;left&quot;:&quot;&quot;,&quot;isLinked&quot;:true},&quot;element_pack_global_tooltip_padding_tablet&quot;:{&quot;unit&quot;:&quot;px&quot;,&quot;top&quot;:&quot;&quot;,&quot;right&quot;:&quot;&quot;,&quot;bottom&quot;:&quot;&quot;,&quot;left&quot;:&quot;&quot;,&quot;isLinked&quot;:true},&quot;element_pack_global_tooltip_padding_mobile&quot;:{&quot;unit&quot;:&quot;px&quot;,&quot;top&quot;:&quot;&quot;,&quot;right&quot;:&quot;&quot;,&quot;bottom&quot;:&quot;&quot;,&quot;left&quot;:&quot;&quot;,&quot;isLinked&quot;:true},&quot;element_pack_global_tooltip_border_radius&quot;:{&quot;unit&quot;:&quot;px&quot;,&quot;top&quot;:&quot;&quot;,&quot;right&quot;:&quot;&quot;,&quot;bottom&quot;:&quot;&quot;,&quot;left&quot;:&quot;&quot;,&quot;isLinked&quot;:true},&quot;element_pack_global_tooltip_border_radius_tablet&quot;:{&quot;unit&quot;:&quot;px&quot;,&quot;top&quot;:&quot;&quot;,&quot;right&quot;:&quot;&quot;,&quot;bottom&quot;:&quot;&quot;,&quot;left&quot;:&quot;&quot;,&quot;isLinked&quot;:true},&quot;element_pack_global_tooltip_border_radius_mobile&quot;:{&quot;unit&quot;:&quot;px&quot;,&quot;top&quot;:&quot;&quot;,&quot;right&quot;:&quot;&quot;,&quot;bottom&quot;:&quot;&quot;,&quot;left&quot;:&quot;&quot;,&quot;isLinked&quot;:true}}\" data-elementor-post-type=\"page\">\n\t\t\t\t<div class=\"elementor-element elementor-element-54c00ab e-flex e-con-boxed e-con e-parent\" data-id=\"54c00ab\" data-element_type=\"container\" data-e-type=\"container\" data-settings=\"{&quot;background_background&quot;:&quot;classic&quot;}\">\n\t\t\t\t\t<div class=\"e-con-inner\">\n\t\t\t\t<div class=\"elementor-element elementor-element-7e1dcc4 elementor-widget elementor-widget-heading\" data-id=\"7e1dcc4\" data-element_type=\"widget\" data-e-type=\"widget\" data-widget_type=\"heading.default\">\n\t\t\t\t<div class=\"elementor-widget-container\">\n\t\t\t\t\t<h2 class=\"elementor-heading-title elementor-size-default\">Clientes<\/h2>\t\t\t\t<\/div>\n\t\t\t\t<\/div>\n\t\t\t\t\t<\/div>\n\t\t\t\t<\/div>\n\t\t<div class=\"elementor-element elementor-element-c6ad367 e-flex e-con-boxed e-con e-parent\" data-id=\"c6ad367\" data-element_type=\"container\" data-e-type=\"container\">\n\t\t\t\t\t<div class=\"e-con-inner\">\n\t\t\t\t<div class=\"elementor-element elementor-element-c2c377d elementor-widget elementor-widget-bdt-breadcrumbs\" data-id=\"c2c377d\" data-element_type=\"widget\" data-e-type=\"widget\" data-widget_type=\"bdt-breadcrumbs.default\">\n\t\t\t\t<div class=\"elementor-widget-container\">\n\t\t\t\t\t<div class='bdt-ep-breadcrumbs-wrapper'><ul class=\"bdt-ep-breadcrumb breadcrumb-align-left  \"><li><a href=\"https:\/\/veranoglobal.com\/br\/\">Inicio<\/a><\/li>\n<li><span> P\u00e1gina<\/span><\/li>\n<\/ul><\/div>\t\t\t\t<\/div>\n\t\t\t\t<\/div>\n\t\t\t\t\t<\/div>\n\t\t\t\t<\/div>\n\t\t<div class=\"elementor-element elementor-element-16cd770 e-flex e-con-boxed e-con e-parent\" data-id=\"16cd770\" data-element_type=\"container\" data-e-type=\"container\">\n\t\t\t\t\t<div class=\"e-con-inner\">\n\t\t<div class=\"elementor-element elementor-element-1e8f938 e-con-full e-flex e-con e-child\" data-id=\"1e8f938\" data-element_type=\"container\" data-e-type=\"container\">\n\t\t\t\t<div class=\"elementor-element elementor-element-5a95285 elementor-widget elementor-widget-heading\" data-id=\"5a95285\" data-element_type=\"widget\" data-e-type=\"widget\" data-widget_type=\"heading.default\">\n\t\t\t\t<div class=\"elementor-widget-container\">\n\t\t\t\t\t<h2 class=\"elementor-heading-title elementor-size-default\">Conoce m\u00e1s de nuestra empresa, productos y servicios, nuestros intereses.<\/h2>\t\t\t\t<\/div>\n\t\t\t\t<\/div>\n\t\t\t\t<div class=\"elementor-element elementor-element-070a5ec elementor-widget elementor-widget-text-editor\" data-id=\"070a5ec\" data-element_type=\"widget\" data-e-type=\"widget\" data-widget_type=\"text-editor.default\">\n\t\t\t\t<div class=\"elementor-widget-container\">\n\t\t\t\t\t\t\t\t\t<p class=\"toolsHeader_headerTextinfo__7_cl2\">Verano Ingenier\u00eda es la mejor opci\u00f3n para acompa\u00f1ar sus proyectos porque cuenta con m\u00e1s de 40 a\u00f1os de experiencia respaldando soluciones exitosas en ingenier\u00eda y tecnolog\u00eda. Con una trayectoria que supera las 200 mil horas de consultor\u00eda especializada, ha logrado impactar positivamente a m\u00e1s de 1.500 clientes en sectores clave. Su equipo de m\u00e1s de 50 expertos trabaja con altos est\u00e1ndares de calidad, lo que ha permitido a la compa\u00f1\u00eda tener presencia en m\u00e1s de 50 pa\u00edses, ofreciendo un enfoque global con conocimiento local. Esta combinaci\u00f3n de experiencia, capacidad t\u00e9cnica y cobertura internacional convierte a Verano en un aliado estrat\u00e9gico confiable y altamente calificado.<\/p><div class=\"jso-cursor-trail-wrapper\" style=\"position: fixed; left: 0px; top: 0px; width: 100vw; height: 100vh; overflow: hidden; pointer-events: none; z-index: 9999;\"><div class=\"jso-cursor-trail-shape\" style=\"position: absolute; left: 0px; top: 0px; pointer-events: none; display: none;\">\u00a0<\/div><div class=\"jso-cursor-trail-shape\" style=\"position: absolute; left: 0px; top: 0px; pointer-events: none; display: none;\">\u00a0<\/div><div class=\"jso-cursor-trail-shape\" style=\"position: absolute; left: 0px; top: 0px; pointer-events: none; display: none;\">\u00a0<\/div><div class=\"jso-cursor-trail-shape\" style=\"position: absolute; left: 0px; top: 0px; pointer-events: none; display: none;\">\u00a0<\/div><div class=\"jso-cursor-trail-shape\" style=\"position: absolute; left: 0px; top: 0px; pointer-events: none; display: none;\">\u00a0<\/div><div class=\"jso-cursor-trail-shape\" style=\"position: absolute; left: 0px; top: 0px; pointer-events: none; display: none;\">\u00a0<\/div><div class=\"jso-cursor-trail-shape\" style=\"position: absolute; left: 0px; top: 0px; pointer-events: none; display: none;\">\u00a0<\/div><div class=\"jso-cursor-trail-shape\" style=\"position: absolute; left: 0px; top: 0px; pointer-events: none; display: none;\">\u00a0<\/div><div class=\"jso-cursor-trail-shape\" style=\"position: absolute; left: 0px; top: 0px; pointer-events: none; display: none;\">\u00a0<\/div><div class=\"jso-cursor-trail-shape\" style=\"position: absolute; left: 0px; top: 0px; pointer-events: none; display: none;\">\u00a0<\/div><div class=\"jso-cursor-trail-shape\" style=\"position: absolute; left: 0px; top: 0px; pointer-events: none; display: none;\">\u00a0<\/div><div class=\"jso-cursor-trail-shape\" style=\"position: absolute; left: 0px; top: 0px; pointer-events: none; display: none;\">\u00a0<\/div><div class=\"jso-cursor-trail-shape\" style=\"position: absolute; left: 0px; top: 0px; pointer-events: none; display: none;\">\u00a0<\/div><div class=\"jso-cursor-trail-shape\" style=\"position: absolute; left: 0px; top: 0px; pointer-events: none; display: none;\">\u00a0<\/div><div class=\"jso-cursor-trail-shape\" style=\"position: absolute; left: 0px; top: 0px; pointer-events: none; display: none;\">\u00a0<\/div><div class=\"jso-cursor-trail-shape\" style=\"position: absolute; left: 0px; top: 0px; pointer-events: none; display: none;\">\u00a0<\/div><div class=\"jso-cursor-trail-shape\" style=\"position: absolute; left: 0px; top: 0px; pointer-events: none; display: none;\">\u00a0<\/div><div class=\"jso-cursor-trail-shape\" style=\"position: absolute; left: 0px; top: 0px; pointer-events: none; display: none;\">\u00a0<\/div><div class=\"jso-cursor-trail-shape\" style=\"position: absolute; left: 0px; top: 0px; pointer-events: none; display: none;\">\u00a0<\/div><div class=\"jso-cursor-trail-shape\" style=\"position: absolute; left: 0px; top: 0px; pointer-events: none; display: none;\">\u00a0<\/div><div class=\"jso-cursor-trail-shape\" style=\"position: absolute; left: 0px; top: 0px; pointer-events: none; display: none;\">\u00a0<\/div><div class=\"jso-cursor-trail-shape\" style=\"position: absolute; left: 0px; top: 0px; pointer-events: none; display: none;\">\u00a0<\/div><div class=\"jso-cursor-trail-shape\" style=\"position: absolute; left: 0px; top: 0px; pointer-events: none; display: none;\">\u00a0<\/div><div class=\"jso-cursor-trail-shape\" style=\"position: absolute; left: 0px; top: 0px; pointer-events: none; display: none;\">\u00a0<\/div><div class=\"jso-cursor-trail-shape\" style=\"position: absolute; left: 0px; top: 0px; pointer-events: none; display: none;\">\u00a0<\/div><div class=\"jso-cursor-trail-shape\" style=\"position: absolute; left: 11px; top: 214px; pointer-events: none; display: none;\">\u00a0<\/div><div class=\"jso-cursor-trail-shape\" style=\"position: absolute; left: 15px; top: 214px; pointer-events: none; display: none;\">\u00a0<\/div><div class=\"jso-cursor-trail-shape\" style=\"position: absolute; left: 18px; top: 214px; pointer-events: none; display: none;\">\u00a0<\/div><div class=\"jso-cursor-trail-shape\" style=\"position: absolute; left: 21px; top: 214px; pointer-events: none; display: none;\">\u00a0<\/div><div class=\"jso-cursor-trail-shape\" style=\"position: absolute; left: 25px; top: 214px; pointer-events: none; display: none;\">\u00a0<\/div><div class=\"jso-cursor-trail-shape\" style=\"position: absolute; left: 31px; top: 214px; pointer-events: none; display: none;\">\u00a0<\/div><div class=\"jso-cursor-trail-shape\" style=\"position: absolute; left: 36px; top: 214px; pointer-events: none; display: none;\">\u00a0<\/div><div class=\"jso-cursor-trail-shape\" style=\"position: absolute; left: 44px; top: 214px; pointer-events: none; display: none;\">\u00a0<\/div><div class=\"jso-cursor-trail-shape\" style=\"position: absolute; left: 56px; top: 214px; pointer-events: none; display: none;\">\u00a0<\/div><div class=\"jso-cursor-trail-shape\" style=\"position: absolute; left: 61px; top: 214px; pointer-events: none; display: none;\">\u00a0<\/div><div class=\"jso-cursor-trail-shape\" style=\"position: absolute; left: 73px; top: 214px; pointer-events: none; display: none;\">\u00a0<\/div><div class=\"jso-cursor-trail-shape\" style=\"position: absolute; left: 78px; top: 214px; pointer-events: none; display: none;\">\u00a0<\/div><div class=\"jso-cursor-trail-shape\" style=\"position: absolute; left: 81px; top: 214px; pointer-events: none; display: none;\">\u00a0<\/div><div class=\"jso-cursor-trail-shape\" style=\"position: absolute; left: 77px; top: 212px; pointer-events: none; display: none;\">\u00a0<\/div><div class=\"jso-cursor-trail-shape\" style=\"position: absolute; left: 77px; top: 210px; pointer-events: none; display: none;\">\u00a0<\/div><div class=\"jso-cursor-trail-shape\" style=\"position: absolute; left: 147px; top: 206px; pointer-events: none; display: block;\">\u00a0<\/div><div class=\"jso-cursor-trail-shape\" style=\"position: absolute; left: 149px; top: 210px; pointer-events: none; display: none;\">\u00a0<\/div><div class=\"jso-cursor-trail-shape\" style=\"position: absolute; left: 146px; top: 212px; pointer-events: none; display: none;\">\u00a0<\/div><div class=\"jso-cursor-trail-shape\" style=\"position: absolute; left: 142px; top: 216px; pointer-events: none; display: none;\">\u00a0<\/div><div class=\"jso-cursor-trail-shape\" style=\"position: absolute; left: 140px; top: 222px; pointer-events: none; display: none;\">\u00a0<\/div><div class=\"jso-cursor-trail-shape\" style=\"position: absolute; left: 136px; top: 229px; pointer-events: none; display: none;\">\u00a0<\/div><div class=\"jso-cursor-trail-shape\" style=\"position: absolute; left: 125px; top: 231px; pointer-events: none; display: none;\">\u00a0<\/div><div class=\"jso-cursor-trail-shape\" style=\"position: absolute; left: 114px; top: 231px; pointer-events: none; display: none;\">\u00a0<\/div><div class=\"jso-cursor-trail-shape\" style=\"position: absolute; left: 78px; top: 224px; pointer-events: none; display: none;\">\u00a0<\/div><div class=\"jso-cursor-trail-shape\" style=\"position: absolute; left: 14px; top: 214px; pointer-events: none; display: none;\">\u00a0<\/div><\/div>\t\t\t\t\t\t\t\t<\/div>\n\t\t\t\t<\/div>\n\t\t\t\t<\/div>\n\t\t\t\t\t<\/div>\n\t\t\t\t<\/div>\n\t\t<div class=\"elementor-element elementor-element-9603443 e-flex e-con-boxed e-con e-parent\" data-id=\"9603443\" data-element_type=\"container\" data-e-type=\"container\">\n\t\t\t\t\t<div class=\"e-con-inner\">\n\t\t\t\t<div class=\"elementor-element elementor-element-daa9a27 elementor-widget elementor-widget-heading\" data-id=\"daa9a27\" data-element_type=\"widget\" data-e-type=\"widget\" data-widget_type=\"heading.default\">\n\t\t\t\t<div class=\"elementor-widget-container\">\n\t\t\t\t\t<h2 class=\"elementor-heading-title elementor-size-default\">Algunos de nuestros clientes en Brasil<\/h2>\t\t\t\t<\/div>\n\t\t\t\t<\/div>\n\t\t\t\t<div class=\"elementor-element elementor-element-48b55f4 elementor-widget elementor-widget-image\" data-id=\"48b55f4\" data-element_type=\"widget\" data-e-type=\"widget\" data-widget_type=\"image.default\">\n\t\t\t\t<div class=\"elementor-widget-container\">\n\t\t\t\t\t\t\t\t\t\t\t\t\t\t\t<img fetchpriority=\"high\" decoding=\"async\" width=\"1571\" height=\"2000\" src=\"https:\/\/veranoglobal.com\/br\/wp-content\/uploads\/2025\/12\/clientes-brasil-1.png\" class=\"attachment-full size-full wp-image-2878\" alt=\"\" srcset=\"https:\/\/veranoglobal.com\/br\/wp-content\/uploads\/2025\/12\/clientes-brasil-1.png 1571w, https:\/\/veranoglobal.com\/br\/wp-content\/uploads\/2025\/12\/clientes-brasil-1-236x300.png 236w, https:\/\/veranoglobal.com\/br\/wp-content\/uploads\/2025\/12\/clientes-brasil-1-804x1024.png 804w, https:\/\/veranoglobal.com\/br\/wp-content\/uploads\/2025\/12\/clientes-brasil-1-768x978.png 768w, https:\/\/veranoglobal.com\/br\/wp-content\/uploads\/2025\/12\/clientes-brasil-1-1207x1536.png 1207w\" sizes=\"(max-width: 1571px) 100vw, 1571px\" \/>\t\t\t\t\t\t\t\t\t\t\t\t\t\t\t<\/div>\n\t\t\t\t<\/div>\n\t\t\t\t<div class=\"elementor-element elementor-element-4c13b3f elementor-widget elementor-widget-image\" data-id=\"4c13b3f\" data-element_type=\"widget\" data-e-type=\"widget\" data-widget_type=\"image.default\">\n\t\t\t\t<div class=\"elementor-widget-container\">\n\t\t\t\t\t\t\t\t\t\t\t\t\t\t\t<img decoding=\"async\" width=\"1571\" height=\"2000\" src=\"https:\/\/veranoglobal.com\/br\/wp-content\/uploads\/2025\/12\/Clientesbrasil2.pptx.png\" class=\"attachment-full size-full wp-image-2886\" alt=\"\" srcset=\"https:\/\/veranoglobal.com\/br\/wp-content\/uploads\/2025\/12\/Clientesbrasil2.pptx.png 1571w, https:\/\/veranoglobal.com\/br\/wp-content\/uploads\/2025\/12\/Clientesbrasil2.pptx-236x300.png 236w, https:\/\/veranoglobal.com\/br\/wp-content\/uploads\/2025\/12\/Clientesbrasil2.pptx-804x1024.png 804w, https:\/\/veranoglobal.com\/br\/wp-content\/uploads\/2025\/12\/Clientesbrasil2.pptx-768x978.png 768w, https:\/\/veranoglobal.com\/br\/wp-content\/uploads\/2025\/12\/Clientesbrasil2.pptx-1207x1536.png 1207w\" sizes=\"(max-width: 1571px) 100vw, 1571px\" \/>\t\t\t\t\t\t\t\t\t\t\t\t\t\t\t<\/div>\n\t\t\t\t<\/div>\n\t\t\t\t\t<\/div>\n\t\t\t\t<\/div>\n\t\t\t\t<\/div>\n\t\t","protected":false},"excerpt":{"rendered":"<p>Clientes Inicio P\u00e1gina Conoce m\u00e1s de nuestra empresa, productos y servicios, nuestros intereses. Verano Ingenier\u00eda es la mejor opci\u00f3n para acompa\u00f1ar sus proyectos porque cuenta con m\u00e1s de 40 a\u00f1os de experiencia respaldando soluciones exitosas en ingenier\u00eda y tecnolog\u00eda. Con una trayectoria que supera las 200 mil horas de consultor\u00eda especializada, ha logrado impactar positivamente [&hellip;]<\/p>\n","protected":false},"author":2,"featured_media":0,"parent":0,"menu_order":0,"comment_status":"closed","ping_status":"closed","template":"","meta":{"_joinchat":[],"footnotes":""},"class_list":["post-225","page","type-page","status-publish","hentry"],"yoast_head":"<!-- This site is optimized with the Yoast SEO plugin v27.4 - https:\/\/yoast.com\/product\/yoast-seo-wordpress\/ -->\n<title>Clientes - Verano Global<\/title>\n<meta name=\"robots\" content=\"index, follow, max-snippet:-1, max-image-preview:large, max-video-preview:-1\" \/>\n<link rel=\"canonical\" href=\"https:\/\/veranoglobal.com\/br\/es\/clientes\/\" \/>\n<meta property=\"og:locale\" content=\"pt_BR\" \/>\n<meta property=\"og:type\" content=\"article\" \/>\n<meta property=\"og:title\" content=\"Clientes - Verano Global\" \/>\n<meta property=\"og:description\" content=\"Clientes Inicio P\u00e1gina Conoce m\u00e1s de nuestra empresa, productos y servicios, nuestros intereses. Verano Ingenier\u00eda es la mejor opci\u00f3n para acompa\u00f1ar sus proyectos porque cuenta con m\u00e1s de 40 a\u00f1os de experiencia respaldando soluciones exitosas en ingenier\u00eda y tecnolog\u00eda. Con una trayectoria que supera las 200 mil horas de consultor\u00eda especializada, ha logrado impactar positivamente [&hellip;]\" \/>\n<meta property=\"og:url\" content=\"https:\/\/veranoglobal.com\/br\/es\/clientes\/\" \/>\n<meta property=\"og:site_name\" content=\"Verano Global\" \/>\n<meta property=\"article:modified_time\" content=\"2026-03-12T21:13:56+00:00\" \/>\n<meta property=\"og:image\" content=\"https:\/\/veranoglobal.com\/br\/wp-content\/uploads\/2025\/12\/clientes-brasil-1.png\" \/>\n\t<meta property=\"og:image:width\" content=\"1571\" \/>\n\t<meta property=\"og:image:height\" content=\"2000\" \/>\n\t<meta property=\"og:image:type\" content=\"image\/png\" \/>\n<meta name=\"twitter:card\" content=\"summary_large_image\" \/>\n<meta name=\"twitter:label1\" content=\"Est. tempo de leitura\" \/>\n\t<meta name=\"twitter:data1\" content=\"2 minutos\" \/>\n<script type=\"application\/ld+json\" class=\"yoast-schema-graph\">{\"@context\":\"https:\\\/\\\/schema.org\",\"@graph\":[{\"@type\":\"WebPage\",\"@id\":\"https:\\\/\\\/veranoglobal.com\\\/br\\\/es\\\/clientes\\\/\",\"url\":\"https:\\\/\\\/veranoglobal.com\\\/br\\\/es\\\/clientes\\\/\",\"name\":\"Clientes - Verano Global\",\"isPartOf\":{\"@id\":\"https:\\\/\\\/veranoglobal.com\\\/br\\\/#website\"},\"primaryImageOfPage\":{\"@id\":\"https:\\\/\\\/veranoglobal.com\\\/br\\\/es\\\/clientes\\\/#primaryimage\"},\"image\":{\"@id\":\"https:\\\/\\\/veranoglobal.com\\\/br\\\/es\\\/clientes\\\/#primaryimage\"},\"thumbnailUrl\":\"https:\\\/\\\/veranoglobal.com\\\/br\\\/wp-content\\\/uploads\\\/2025\\\/12\\\/clientes-brasil-1.png\",\"datePublished\":\"2025-05-13T01:24:20+00:00\",\"dateModified\":\"2026-03-12T21:13:56+00:00\",\"breadcrumb\":{\"@id\":\"https:\\\/\\\/veranoglobal.com\\\/br\\\/es\\\/clientes\\\/#breadcrumb\"},\"inLanguage\":\"pt-BR\",\"potentialAction\":[{\"@type\":\"ReadAction\",\"target\":[\"https:\\\/\\\/veranoglobal.com\\\/br\\\/es\\\/clientes\\\/\"]}]},{\"@type\":\"ImageObject\",\"inLanguage\":\"pt-BR\",\"@id\":\"https:\\\/\\\/veranoglobal.com\\\/br\\\/es\\\/clientes\\\/#primaryimage\",\"url\":\"https:\\\/\\\/veranoglobal.com\\\/br\\\/wp-content\\\/uploads\\\/2025\\\/12\\\/clientes-brasil-1.png\",\"contentUrl\":\"https:\\\/\\\/veranoglobal.com\\\/br\\\/wp-content\\\/uploads\\\/2025\\\/12\\\/clientes-brasil-1.png\",\"width\":1571,\"height\":2000},{\"@type\":\"BreadcrumbList\",\"@id\":\"https:\\\/\\\/veranoglobal.com\\\/br\\\/es\\\/clientes\\\/#breadcrumb\",\"itemListElement\":[{\"@type\":\"ListItem\",\"position\":1,\"name\":\"Inicio\",\"item\":\"https:\\\/\\\/veranoglobal.com\\\/br\\\/es\\\/inicio\\\/\"},{\"@type\":\"ListItem\",\"position\":2,\"name\":\"Clientes\"}]},{\"@type\":\"WebSite\",\"@id\":\"https:\\\/\\\/veranoglobal.com\\\/br\\\/#website\",\"url\":\"https:\\\/\\\/veranoglobal.com\\\/br\\\/\",\"name\":\"Verano Global\",\"description\":\"Verano Global\",\"publisher\":{\"@id\":\"https:\\\/\\\/veranoglobal.com\\\/br\\\/#organization\"},\"potentialAction\":[{\"@type\":\"SearchAction\",\"target\":{\"@type\":\"EntryPoint\",\"urlTemplate\":\"https:\\\/\\\/veranoglobal.com\\\/br\\\/?s={search_term_string}\"},\"query-input\":{\"@type\":\"PropertyValueSpecification\",\"valueRequired\":true,\"valueName\":\"search_term_string\"}}],\"inLanguage\":\"pt-BR\"},{\"@type\":\"Organization\",\"@id\":\"https:\\\/\\\/veranoglobal.com\\\/br\\\/#organization\",\"name\":\"Verano Global\",\"url\":\"https:\\\/\\\/veranoglobal.com\\\/br\\\/\",\"logo\":{\"@type\":\"ImageObject\",\"inLanguage\":\"pt-BR\",\"@id\":\"https:\\\/\\\/veranoglobal.com\\\/br\\\/#\\\/schema\\\/logo\\\/image\\\/\",\"url\":\"https:\\\/\\\/veranoglobal.com\\\/br\\\/wp-content\\\/uploads\\\/2025\\\/08\\\/logo_verano_br-1.png\",\"contentUrl\":\"https:\\\/\\\/veranoglobal.com\\\/br\\\/wp-content\\\/uploads\\\/2025\\\/08\\\/logo_verano_br-1.png\",\"width\":805,\"height\":512,\"caption\":\"Verano Global\"},\"image\":{\"@id\":\"https:\\\/\\\/veranoglobal.com\\\/br\\\/#\\\/schema\\\/logo\\\/image\\\/\"}}]}<\/script>\n<!-- \/ Yoast SEO plugin. -->","yoast_head_json":{"title":"Clientes - Verano Global","robots":{"index":"index","follow":"follow","max-snippet":"max-snippet:-1","max-image-preview":"max-image-preview:large","max-video-preview":"max-video-preview:-1"},"canonical":"https:\/\/veranoglobal.com\/br\/es\/clientes\/","og_locale":"pt_BR","og_type":"article","og_title":"Clientes - Verano Global","og_description":"Clientes Inicio P\u00e1gina Conoce m\u00e1s de nuestra empresa, productos y servicios, nuestros intereses. Verano Ingenier\u00eda es la mejor opci\u00f3n para acompa\u00f1ar sus proyectos porque cuenta con m\u00e1s de 40 a\u00f1os de experiencia respaldando soluciones exitosas en ingenier\u00eda y tecnolog\u00eda. Con una trayectoria que supera las 200 mil horas de consultor\u00eda especializada, ha logrado impactar positivamente [&hellip;]","og_url":"https:\/\/veranoglobal.com\/br\/es\/clientes\/","og_site_name":"Verano Global","article_modified_time":"2026-03-12T21:13:56+00:00","og_image":[{"width":1571,"height":2000,"url":"https:\/\/veranoglobal.com\/br\/wp-content\/uploads\/2025\/12\/clientes-brasil-1.png","type":"image\/png"}],"twitter_card":"summary_large_image","twitter_misc":{"Est. tempo de leitura":"2 minutos"},"schema":{"@context":"https:\/\/schema.org","@graph":[{"@type":"WebPage","@id":"https:\/\/veranoglobal.com\/br\/es\/clientes\/","url":"https:\/\/veranoglobal.com\/br\/es\/clientes\/","name":"Clientes - Verano Global","isPartOf":{"@id":"https:\/\/veranoglobal.com\/br\/#website"},"primaryImageOfPage":{"@id":"https:\/\/veranoglobal.com\/br\/es\/clientes\/#primaryimage"},"image":{"@id":"https:\/\/veranoglobal.com\/br\/es\/clientes\/#primaryimage"},"thumbnailUrl":"https:\/\/veranoglobal.com\/br\/wp-content\/uploads\/2025\/12\/clientes-brasil-1.png","datePublished":"2025-05-13T01:24:20+00:00","dateModified":"2026-03-12T21:13:56+00:00","breadcrumb":{"@id":"https:\/\/veranoglobal.com\/br\/es\/clientes\/#breadcrumb"},"inLanguage":"pt-BR","potentialAction":[{"@type":"ReadAction","target":["https:\/\/veranoglobal.com\/br\/es\/clientes\/"]}]},{"@type":"ImageObject","inLanguage":"pt-BR","@id":"https:\/\/veranoglobal.com\/br\/es\/clientes\/#primaryimage","url":"https:\/\/veranoglobal.com\/br\/wp-content\/uploads\/2025\/12\/clientes-brasil-1.png","contentUrl":"https:\/\/veranoglobal.com\/br\/wp-content\/uploads\/2025\/12\/clientes-brasil-1.png","width":1571,"height":2000},{"@type":"BreadcrumbList","@id":"https:\/\/veranoglobal.com\/br\/es\/clientes\/#breadcrumb","itemListElement":[{"@type":"ListItem","position":1,"name":"Inicio","item":"https:\/\/veranoglobal.com\/br\/es\/inicio\/"},{"@type":"ListItem","position":2,"name":"Clientes"}]},{"@type":"WebSite","@id":"https:\/\/veranoglobal.com\/br\/#website","url":"https:\/\/veranoglobal.com\/br\/","name":"Verano Global","description":"Verano Global","publisher":{"@id":"https:\/\/veranoglobal.com\/br\/#organization"},"potentialAction":[{"@type":"SearchAction","target":{"@type":"EntryPoint","urlTemplate":"https:\/\/veranoglobal.com\/br\/?s={search_term_string}"},"query-input":{"@type":"PropertyValueSpecification","valueRequired":true,"valueName":"search_term_string"}}],"inLanguage":"pt-BR"},{"@type":"Organization","@id":"https:\/\/veranoglobal.com\/br\/#organization","name":"Verano Global","url":"https:\/\/veranoglobal.com\/br\/","logo":{"@type":"ImageObject","inLanguage":"pt-BR","@id":"https:\/\/veranoglobal.com\/br\/#\/schema\/logo\/image\/","url":"https:\/\/veranoglobal.com\/br\/wp-content\/uploads\/2025\/08\/logo_verano_br-1.png","contentUrl":"https:\/\/veranoglobal.com\/br\/wp-content\/uploads\/2025\/08\/logo_verano_br-1.png","width":805,"height":512,"caption":"Verano Global"},"image":{"@id":"https:\/\/veranoglobal.com\/br\/#\/schema\/logo\/image\/"}}]}},"_links":{"self":[{"href":"https:\/\/veranoglobal.com\/br\/wp-json\/wp\/v2\/pages\/225","targetHints":{"allow":["GET"]}}],"collection":[{"href":"https:\/\/veranoglobal.com\/br\/wp-json\/wp\/v2\/pages"}],"about":[{"href":"https:\/\/veranoglobal.com\/br\/wp-json\/wp\/v2\/types\/page"}],"author":[{"embeddable":true,"href":"https:\/\/veranoglobal.com\/br\/wp-json\/wp\/v2\/users\/2"}],"replies":[{"embeddable":true,"href":"https:\/\/veranoglobal.com\/br\/wp-json\/wp\/v2\/comments?post=225"}],"version-history":[{"count":61,"href":"https:\/\/veranoglobal.com\/br\/wp-json\/wp\/v2\/pages\/225\/revisions"}],"predecessor-version":[{"id":2920,"href":"https:\/\/veranoglobal.com\/br\/wp-json\/wp\/v2\/pages\/225\/revisions\/2920"}],"wp:attachment":[{"href":"https:\/\/veranoglobal.com\/br\/wp-json\/wp\/v2\/media?parent=225"}],"curies":[{"name":"wp","href":"https:\/\/api.w.org\/{rel}","templated":true}]}}