{"id":2351,"date":"2025-08-30T18:45:42","date_gmt":"2025-08-30T18:45:42","guid":{"rendered":"https:\/\/veranoglobal.com\/br\/?page_id=2351"},"modified":"2025-08-30T18:48:20","modified_gmt":"2025-08-30T18:48:20","slug":"oracle-business-intelligence-management-pack","status":"publish","type":"page","link":"https:\/\/veranoglobal.com\/br\/aplicacoes\/oracle\/oracle-business-intelligence-management-pack\/","title":{"rendered":"Oracle Business Intelligence Management Pack"},"content":{"rendered":"\t\t<div data-elementor-type=\"wp-page\" data-elementor-id=\"2351\" class=\"elementor elementor-2351\" data-elementor-settings=\"{&quot;element_pack_global_tooltip_width&quot;:{&quot;unit&quot;:&quot;px&quot;,&quot;size&quot;:&quot;&quot;,&quot;sizes&quot;:[]},&quot;element_pack_global_tooltip_width_tablet&quot;:{&quot;unit&quot;:&quot;px&quot;,&quot;size&quot;:&quot;&quot;,&quot;sizes&quot;:[]},&quot;element_pack_global_tooltip_width_mobile&quot;:{&quot;unit&quot;:&quot;px&quot;,&quot;size&quot;:&quot;&quot;,&quot;sizes&quot;:[]},&quot;element_pack_global_tooltip_padding&quot;:{&quot;unit&quot;:&quot;px&quot;,&quot;top&quot;:&quot;&quot;,&quot;right&quot;:&quot;&quot;,&quot;bottom&quot;:&quot;&quot;,&quot;left&quot;:&quot;&quot;,&quot;isLinked&quot;:true},&quot;element_pack_global_tooltip_padding_tablet&quot;:{&quot;unit&quot;:&quot;px&quot;,&quot;top&quot;:&quot;&quot;,&quot;right&quot;:&quot;&quot;,&quot;bottom&quot;:&quot;&quot;,&quot;left&quot;:&quot;&quot;,&quot;isLinked&quot;:true},&quot;element_pack_global_tooltip_padding_mobile&quot;:{&quot;unit&quot;:&quot;px&quot;,&quot;top&quot;:&quot;&quot;,&quot;right&quot;:&quot;&quot;,&quot;bottom&quot;:&quot;&quot;,&quot;left&quot;:&quot;&quot;,&quot;isLinked&quot;:true},&quot;element_pack_global_tooltip_border_radius&quot;:{&quot;unit&quot;:&quot;px&quot;,&quot;top&quot;:&quot;&quot;,&quot;right&quot;:&quot;&quot;,&quot;bottom&quot;:&quot;&quot;,&quot;left&quot;:&quot;&quot;,&quot;isLinked&quot;:true},&quot;element_pack_global_tooltip_border_radius_tablet&quot;:{&quot;unit&quot;:&quot;px&quot;,&quot;top&quot;:&quot;&quot;,&quot;right&quot;:&quot;&quot;,&quot;bottom&quot;:&quot;&quot;,&quot;left&quot;:&quot;&quot;,&quot;isLinked&quot;:true},&quot;element_pack_global_tooltip_border_radius_mobile&quot;:{&quot;unit&quot;:&quot;px&quot;,&quot;top&quot;:&quot;&quot;,&quot;right&quot;:&quot;&quot;,&quot;bottom&quot;:&quot;&quot;,&quot;left&quot;:&quot;&quot;,&quot;isLinked&quot;:true}}\" data-elementor-post-type=\"page\">\n\t\t\t\t<div class=\"elementor-element elementor-element-54c00ab e-flex e-con-boxed e-con e-parent\" data-id=\"54c00ab\" data-element_type=\"container\" data-e-type=\"container\" data-settings=\"{&quot;background_background&quot;:&quot;classic&quot;}\">\n\t\t\t\t\t<div class=\"e-con-inner\">\n\t\t<div class=\"elementor-element elementor-element-4a20432 e-con-full e-flex e-con e-child\" data-id=\"4a20432\" data-element_type=\"container\" data-e-type=\"container\">\n\t\t\t\t<div class=\"elementor-element elementor-element-3248277 elementor-widget elementor-widget-image\" data-id=\"3248277\" data-element_type=\"widget\" data-e-type=\"widget\" data-widget_type=\"image.default\">\n\t\t\t\t<div class=\"elementor-widget-container\">\n\t\t\t\t\t\t\t\t\t\t\t\t\t\t\t<img decoding=\"async\" width=\"218\" height=\"139\" src=\"https:\/\/veranoglobal.com\/br\/wp-content\/uploads\/2025\/06\/oracleLogo.webp\" class=\"attachment-large size-large wp-image-449\" alt=\"\" \/>\t\t\t\t\t\t\t\t\t\t\t\t\t\t\t<\/div>\n\t\t\t\t<\/div>\n\t\t\t\t<\/div>\n\t\t<div class=\"elementor-element elementor-element-65c0dbc e-con-full e-flex e-con e-child\" data-id=\"65c0dbc\" data-element_type=\"container\" data-e-type=\"container\">\n\t\t\t\t<div class=\"elementor-element elementor-element-80eac61 elementor-widget elementor-widget-icon-box\" data-id=\"80eac61\" data-element_type=\"widget\" data-e-type=\"widget\" data-widget_type=\"icon-box.default\">\n\t\t\t\t<div class=\"elementor-widget-container\">\n\t\t\t\t\t\t\t<div class=\"elementor-icon-box-wrapper\">\n\n\t\t\t\n\t\t\t\t\t\t<div class=\"elementor-icon-box-content\">\n\n\t\t\t\t\t\t\t\t\t<h3 class=\"elementor-icon-box-title\">\n\t\t\t\t\t\t<span  >\n\t\t\t\t\t\t\tOracle\t\t\t\t\t\t<\/span>\n\t\t\t\t\t<\/h3>\n\t\t\t\t\n\t\t\t\t\n\t\t\t<\/div>\n\t\t\t\n\t\t<\/div>\n\t\t\t\t\t\t<\/div>\n\t\t\t\t<\/div>\n\t\t\t\t<\/div>\n\t\t\t\t\t<\/div>\n\t\t\t\t<\/div>\n\t\t<div class=\"elementor-element elementor-element-3de9484 e-flex e-con-boxed e-con e-parent\" data-id=\"3de9484\" data-element_type=\"container\" data-e-type=\"container\">\n\t\t\t\t\t<div class=\"e-con-inner\">\n\t\t\t\t<div class=\"elementor-element elementor-element-f1468c4 elementor-widget elementor-widget-bdt-breadcrumbs\" data-id=\"f1468c4\" data-element_type=\"widget\" data-e-type=\"widget\" data-widget_type=\"bdt-breadcrumbs.default\">\n\t\t\t\t<div class=\"elementor-widget-container\">\n\t\t\t\t\t<div class='bdt-ep-breadcrumbs-wrapper'><ul class=\"bdt-ep-breadcrumb breadcrumb-align-left  \"><li><a href=\"https:\/\/veranoglobal.com\/br\/\">Inicio<\/a><\/li>\n<li><span> P\u00e1gina<\/span><\/li>\n<\/ul><\/div>\t\t\t\t<\/div>\n\t\t\t\t<\/div>\n\t\t\t\t\t<\/div>\n\t\t\t\t<\/div>\n\t\t<div class=\"elementor-element elementor-element-f560970 e-flex e-con-boxed e-con e-parent\" data-id=\"f560970\" data-element_type=\"container\" data-e-type=\"container\">\n\t\t\t\t\t<div class=\"e-con-inner\">\n\t\t<div class=\"elementor-element elementor-element-4136084 e-con-full e-flex e-con e-child\" data-id=\"4136084\" data-element_type=\"container\" data-e-type=\"container\">\n\t\t\t\t<div class=\"elementor-element elementor-element-e24e72a elementor-widget elementor-widget-image\" data-id=\"e24e72a\" data-element_type=\"widget\" data-e-type=\"widget\" data-widget_type=\"image.default\">\n\t\t\t\t<div class=\"elementor-widget-container\">\n\t\t\t\t\t\t\t\t\t\t\t\t\t\t\t<img decoding=\"async\" width=\"322\" height=\"90\" src=\"https:\/\/veranoglobal.com\/br\/wp-content\/uploads\/2025\/07\/bi.webp\" class=\"attachment-large size-large wp-image-1039\" alt=\"\" srcset=\"https:\/\/veranoglobal.com\/br\/wp-content\/uploads\/2025\/07\/bi.webp 322w, https:\/\/veranoglobal.com\/br\/wp-content\/uploads\/2025\/07\/bi-300x84.webp 300w\" sizes=\"(max-width: 322px) 100vw, 322px\" \/>\t\t\t\t\t\t\t\t\t\t\t\t\t\t\t<\/div>\n\t\t\t\t<\/div>\n\t\t\t\t<\/div>\n\t\t<div class=\"elementor-element elementor-element-b7f67c2 e-con-full e-flex e-con e-child\" data-id=\"b7f67c2\" data-element_type=\"container\" data-e-type=\"container\">\n\t\t\t\t<div class=\"elementor-element elementor-element-7931565 elementor-widget elementor-widget-heading\" data-id=\"7931565\" data-element_type=\"widget\" data-e-type=\"widget\" data-widget_type=\"heading.default\">\n\t\t\t\t<div class=\"elementor-widget-container\">\n\t\t\t\t\t<h2 class=\"elementor-heading-title elementor-size-default\">Oracle Business Intelligence Management Pack <\/h2>\t\t\t\t<\/div>\n\t\t\t\t<\/div>\n\t\t\t\t<div class=\"elementor-element elementor-element-219c01d elementor-widget elementor-widget-text-editor\" data-id=\"219c01d\" data-element_type=\"widget\" data-e-type=\"widget\" data-widget_type=\"text-editor.default\">\n\t\t\t\t<div class=\"elementor-widget-container\">\n\t\t\t\t\t\t\t\t\t<p>\u00c9 um portf\u00f3lio de tecnologia e aplicativos que fornece o primeiro Sistema Integrado de Gest\u00e3o de Desempenho Empresarial de ponta a ponta do setor, incluindo fundamentos e ferramentas de BI : um conjunto integrado de consultas, relat\u00f3rios, an\u00e1lises, alertas, an\u00e1lises m\u00f3veis, integra\u00e7\u00e3o e gerenciamento de dados e integra\u00e7\u00e3o de desktop : bem como os melhores aplicativos de gest\u00e3o de desempenho financeiro, aplicativos de BI operacional e armazenamento de dados.<\/p>\t\t\t\t\t\t\t\t<\/div>\n\t\t\t\t<\/div>\n\t\t\t\t<\/div>\n\t\t\t\t\t<\/div>\n\t\t\t\t<\/div>\n\t\t<div class=\"elementor-element elementor-element-3ebd2fa e-flex e-con-boxed e-con e-parent\" data-id=\"3ebd2fa\" data-element_type=\"container\" data-e-type=\"container\">\n\t\t\t\t\t<div class=\"e-con-inner\">\n\t\t\t\t<div class=\"elementor-element elementor-element-69deb2d elementor-widget-divider--view-line elementor-widget elementor-widget-divider\" data-id=\"69deb2d\" data-element_type=\"widget\" data-e-type=\"widget\" data-widget_type=\"divider.default\">\n\t\t\t\t<div class=\"elementor-widget-container\">\n\t\t\t\t\t\t\t<div class=\"elementor-divider\">\n\t\t\t<span class=\"elementor-divider-separator\">\n\t\t\t\t\t\t<\/span>\n\t\t<\/div>\n\t\t\t\t\t\t<\/div>\n\t\t\t\t<\/div>\n\t\t\t\t\t<\/div>\n\t\t\t\t<\/div>\n\t\t<div class=\"elementor-element elementor-element-e8aadfe e-flex e-con-boxed e-con e-parent\" data-id=\"e8aadfe\" data-element_type=\"container\" data-e-type=\"container\">\n\t\t\t\t\t<div class=\"e-con-inner\">\n\t\t<div class=\"elementor-element elementor-element-ac477c6 e-con-full e-flex e-con e-child\" data-id=\"ac477c6\" data-element_type=\"container\" data-e-type=\"container\">\n\t\t\t\t<div class=\"elementor-element elementor-element-a68bd5c elementor-widget elementor-widget-image\" data-id=\"a68bd5c\" data-element_type=\"widget\" data-e-type=\"widget\" data-widget_type=\"image.default\">\n\t\t\t\t<div class=\"elementor-widget-container\">\n\t\t\t\t\t\t\t\t\t\t\t\t\t\t\t<img fetchpriority=\"high\" decoding=\"async\" width=\"729\" height=\"587\" src=\"https:\/\/veranoglobal.com\/br\/wp-content\/uploads\/2025\/07\/BI-2.webp\" class=\"attachment-full size-full wp-image-1155\" alt=\"\" srcset=\"https:\/\/veranoglobal.com\/br\/wp-content\/uploads\/2025\/07\/BI-2.webp 729w, https:\/\/veranoglobal.com\/br\/wp-content\/uploads\/2025\/07\/BI-2-300x242.webp 300w\" sizes=\"(max-width: 729px) 100vw, 729px\" \/>\t\t\t\t\t\t\t\t\t\t\t\t\t\t\t<\/div>\n\t\t\t\t<\/div>\n\t\t\t\t<\/div>\n\t\t<div class=\"elementor-element elementor-element-a7d33b5 e-con-full e-flex e-con e-child\" data-id=\"a7d33b5\" data-element_type=\"container\" data-e-type=\"container\">\n\t\t\t\t<div class=\"elementor-element elementor-element-03de4c0 elementor-widget elementor-widget-text-editor\" data-id=\"03de4c0\" data-element_type=\"widget\" data-e-type=\"widget\" data-widget_type=\"text-editor.default\">\n\t\t\t\t<div class=\"elementor-widget-container\">\n\t\t\t\t\t\t\t\t\t<p><strong>Recursos<\/strong><\/p><ul><li>Visualiza\u00e7\u00f5es<\/li><li>Inteligentes<\/li><li>Facilidade de Uso<\/li><li>Essbase In-Memory no Exalytics\u00a0<\/li><li>Dados Conectados<\/li><li>Desempenho Extremo<\/li><li>Acesso Direto a Fontes de Big Data<\/li><\/ul><p>A an\u00e1lise como pr\u00e1tica estrat\u00e9gica oferece a capacidade de entender o que est\u00e1 acontecendo no momento e ajudar a prever para onde os neg\u00f3cios podem ir. A an\u00e1lise como pr\u00e1tica estrat\u00e9gica requer uma plataforma estrat\u00e9gica que atenda \u00e0s necessidades de toda a organiza\u00e7\u00e3o. Somente a Oracle combina e potencializa uma \u00fanica plataforma anal\u00edtica de classe mundial.<\/p>\t\t\t\t\t\t\t\t<\/div>\n\t\t\t\t<\/div>\n\t\t\t\t<\/div>\n\t\t\t\t\t<\/div>\n\t\t\t\t<\/div>\n\t\t\t\t<\/div>\n\t\t","protected":false},"excerpt":{"rendered":"<p>Oracle Inicio P\u00e1gina Oracle Business Intelligence Management Pack \u00c9 um portf\u00f3lio de tecnologia e aplicativos que fornece o primeiro Sistema Integrado de Gest\u00e3o de Desempenho Empresarial de ponta a ponta do setor, incluindo fundamentos e ferramentas de BI : um conjunto integrado de consultas, relat\u00f3rios, an\u00e1lises, alertas, an\u00e1lises m\u00f3veis, integra\u00e7\u00e3o e gerenciamento de dados e [&hellip;]<\/p>\n","protected":false},"author":2,"featured_media":0,"parent":2329,"menu_order":0,"comment_status":"closed","ping_status":"closed","template":"","meta":{"_joinchat":[],"footnotes":""},"class_list":["post-2351","page","type-page","status-publish","hentry"],"yoast_head":"<!-- This site is optimized with the Yoast SEO plugin v27.4 - https:\/\/yoast.com\/product\/yoast-seo-wordpress\/ -->\n<title>Oracle Business Intelligence Management Pack - Verano Global<\/title>\n<meta name=\"robots\" content=\"index, follow, max-snippet:-1, max-image-preview:large, max-video-preview:-1\" \/>\n<link rel=\"canonical\" href=\"https:\/\/veranoglobal.com\/br\/aplicacoes\/oracle\/oracle-business-intelligence-management-pack\/\" \/>\n<meta property=\"og:locale\" content=\"pt_BR\" \/>\n<meta property=\"og:type\" content=\"article\" \/>\n<meta property=\"og:title\" content=\"Oracle Business Intelligence Management Pack - Verano Global\" \/>\n<meta property=\"og:description\" content=\"Oracle Inicio P\u00e1gina Oracle Business Intelligence Management Pack \u00c9 um portf\u00f3lio de tecnologia e aplicativos que fornece o primeiro Sistema Integrado de Gest\u00e3o de Desempenho Empresarial de ponta a ponta do setor, incluindo fundamentos e ferramentas de BI : um conjunto integrado de consultas, relat\u00f3rios, an\u00e1lises, alertas, an\u00e1lises m\u00f3veis, integra\u00e7\u00e3o e gerenciamento de dados e [&hellip;]\" \/>\n<meta property=\"og:url\" content=\"https:\/\/veranoglobal.com\/br\/aplicacoes\/oracle\/oracle-business-intelligence-management-pack\/\" \/>\n<meta property=\"og:site_name\" content=\"Verano Global\" \/>\n<meta property=\"article:modified_time\" content=\"2025-08-30T18:48:20+00:00\" \/>\n<meta property=\"og:image\" content=\"https:\/\/veranoglobal.com\/br\/wp-content\/uploads\/2025\/06\/oracleLogo.webp\" \/>\n\t<meta property=\"og:image:width\" content=\"218\" \/>\n\t<meta property=\"og:image:height\" content=\"139\" \/>\n\t<meta property=\"og:image:type\" content=\"image\/webp\" \/>\n<meta name=\"twitter:card\" content=\"summary_large_image\" \/>\n<meta name=\"twitter:label1\" content=\"Est. tempo de leitura\" \/>\n\t<meta name=\"twitter:data1\" content=\"2 minutos\" \/>\n<script type=\"application\/ld+json\" class=\"yoast-schema-graph\">{\"@context\":\"https:\\\/\\\/schema.org\",\"@graph\":[{\"@type\":\"WebPage\",\"@id\":\"https:\\\/\\\/veranoglobal.com\\\/br\\\/aplicacoes\\\/oracle\\\/oracle-business-intelligence-management-pack\\\/\",\"url\":\"https:\\\/\\\/veranoglobal.com\\\/br\\\/aplicacoes\\\/oracle\\\/oracle-business-intelligence-management-pack\\\/\",\"name\":\"Oracle Business Intelligence Management Pack - Verano Global\",\"isPartOf\":{\"@id\":\"https:\\\/\\\/veranoglobal.com\\\/br\\\/#website\"},\"primaryImageOfPage\":{\"@id\":\"https:\\\/\\\/veranoglobal.com\\\/br\\\/aplicacoes\\\/oracle\\\/oracle-business-intelligence-management-pack\\\/#primaryimage\"},\"image\":{\"@id\":\"https:\\\/\\\/veranoglobal.com\\\/br\\\/aplicacoes\\\/oracle\\\/oracle-business-intelligence-management-pack\\\/#primaryimage\"},\"thumbnailUrl\":\"https:\\\/\\\/veranoglobal.com\\\/br\\\/wp-content\\\/uploads\\\/2025\\\/06\\\/oracleLogo.webp\",\"datePublished\":\"2025-08-30T18:45:42+00:00\",\"dateModified\":\"2025-08-30T18:48:20+00:00\",\"breadcrumb\":{\"@id\":\"https:\\\/\\\/veranoglobal.com\\\/br\\\/aplicacoes\\\/oracle\\\/oracle-business-intelligence-management-pack\\\/#breadcrumb\"},\"inLanguage\":\"pt-BR\",\"potentialAction\":[{\"@type\":\"ReadAction\",\"target\":[\"https:\\\/\\\/veranoglobal.com\\\/br\\\/aplicacoes\\\/oracle\\\/oracle-business-intelligence-management-pack\\\/\"]}]},{\"@type\":\"ImageObject\",\"inLanguage\":\"pt-BR\",\"@id\":\"https:\\\/\\\/veranoglobal.com\\\/br\\\/aplicacoes\\\/oracle\\\/oracle-business-intelligence-management-pack\\\/#primaryimage\",\"url\":\"https:\\\/\\\/veranoglobal.com\\\/br\\\/wp-content\\\/uploads\\\/2025\\\/06\\\/oracleLogo.webp\",\"contentUrl\":\"https:\\\/\\\/veranoglobal.com\\\/br\\\/wp-content\\\/uploads\\\/2025\\\/06\\\/oracleLogo.webp\",\"width\":218,\"height\":139},{\"@type\":\"BreadcrumbList\",\"@id\":\"https:\\\/\\\/veranoglobal.com\\\/br\\\/aplicacoes\\\/oracle\\\/oracle-business-intelligence-management-pack\\\/#breadcrumb\",\"itemListElement\":[{\"@type\":\"ListItem\",\"position\":1,\"name\":\"Inicio\",\"item\":\"https:\\\/\\\/veranoglobal.com\\\/br\\\/es\\\/inicio\\\/\"},{\"@type\":\"ListItem\",\"position\":2,\"name\":\"Aplica\u00e7\u00f5es\",\"item\":\"https:\\\/\\\/veranoglobal.com\\\/br\\\/aplicacoes\\\/\"},{\"@type\":\"ListItem\",\"position\":3,\"name\":\"Oracle\",\"item\":\"https:\\\/\\\/veranoglobal.com\\\/br\\\/aplicacoes\\\/oracle\\\/\"},{\"@type\":\"ListItem\",\"position\":4,\"name\":\"Oracle Business Intelligence Management Pack\"}]},{\"@type\":\"WebSite\",\"@id\":\"https:\\\/\\\/veranoglobal.com\\\/br\\\/#website\",\"url\":\"https:\\\/\\\/veranoglobal.com\\\/br\\\/\",\"name\":\"Verano Global\",\"description\":\"Verano Global\",\"publisher\":{\"@id\":\"https:\\\/\\\/veranoglobal.com\\\/br\\\/#organization\"},\"potentialAction\":[{\"@type\":\"SearchAction\",\"target\":{\"@type\":\"EntryPoint\",\"urlTemplate\":\"https:\\\/\\\/veranoglobal.com\\\/br\\\/?s={search_term_string}\"},\"query-input\":{\"@type\":\"PropertyValueSpecification\",\"valueRequired\":true,\"valueName\":\"search_term_string\"}}],\"inLanguage\":\"pt-BR\"},{\"@type\":\"Organization\",\"@id\":\"https:\\\/\\\/veranoglobal.com\\\/br\\\/#organization\",\"name\":\"Verano Global\",\"url\":\"https:\\\/\\\/veranoglobal.com\\\/br\\\/\",\"logo\":{\"@type\":\"ImageObject\",\"inLanguage\":\"pt-BR\",\"@id\":\"https:\\\/\\\/veranoglobal.com\\\/br\\\/#\\\/schema\\\/logo\\\/image\\\/\",\"url\":\"https:\\\/\\\/veranoglobal.com\\\/br\\\/wp-content\\\/uploads\\\/2025\\\/08\\\/logo_verano_br-1.png\",\"contentUrl\":\"https:\\\/\\\/veranoglobal.com\\\/br\\\/wp-content\\\/uploads\\\/2025\\\/08\\\/logo_verano_br-1.png\",\"width\":805,\"height\":512,\"caption\":\"Verano Global\"},\"image\":{\"@id\":\"https:\\\/\\\/veranoglobal.com\\\/br\\\/#\\\/schema\\\/logo\\\/image\\\/\"}}]}<\/script>\n<!-- \/ Yoast SEO plugin. -->","yoast_head_json":{"title":"Oracle Business Intelligence Management Pack - Verano Global","robots":{"index":"index","follow":"follow","max-snippet":"max-snippet:-1","max-image-preview":"max-image-preview:large","max-video-preview":"max-video-preview:-1"},"canonical":"https:\/\/veranoglobal.com\/br\/aplicacoes\/oracle\/oracle-business-intelligence-management-pack\/","og_locale":"pt_BR","og_type":"article","og_title":"Oracle Business Intelligence Management Pack - Verano Global","og_description":"Oracle Inicio P\u00e1gina Oracle Business Intelligence Management Pack \u00c9 um portf\u00f3lio de tecnologia e aplicativos que fornece o primeiro Sistema Integrado de Gest\u00e3o de Desempenho Empresarial de ponta a ponta do setor, incluindo fundamentos e ferramentas de BI : um conjunto integrado de consultas, relat\u00f3rios, an\u00e1lises, alertas, an\u00e1lises m\u00f3veis, integra\u00e7\u00e3o e gerenciamento de dados e [&hellip;]","og_url":"https:\/\/veranoglobal.com\/br\/aplicacoes\/oracle\/oracle-business-intelligence-management-pack\/","og_site_name":"Verano Global","article_modified_time":"2025-08-30T18:48:20+00:00","og_image":[{"width":218,"height":139,"url":"https:\/\/veranoglobal.com\/br\/wp-content\/uploads\/2025\/06\/oracleLogo.webp","type":"image\/webp"}],"twitter_card":"summary_large_image","twitter_misc":{"Est. tempo de leitura":"2 minutos"},"schema":{"@context":"https:\/\/schema.org","@graph":[{"@type":"WebPage","@id":"https:\/\/veranoglobal.com\/br\/aplicacoes\/oracle\/oracle-business-intelligence-management-pack\/","url":"https:\/\/veranoglobal.com\/br\/aplicacoes\/oracle\/oracle-business-intelligence-management-pack\/","name":"Oracle Business Intelligence Management Pack - Verano Global","isPartOf":{"@id":"https:\/\/veranoglobal.com\/br\/#website"},"primaryImageOfPage":{"@id":"https:\/\/veranoglobal.com\/br\/aplicacoes\/oracle\/oracle-business-intelligence-management-pack\/#primaryimage"},"image":{"@id":"https:\/\/veranoglobal.com\/br\/aplicacoes\/oracle\/oracle-business-intelligence-management-pack\/#primaryimage"},"thumbnailUrl":"https:\/\/veranoglobal.com\/br\/wp-content\/uploads\/2025\/06\/oracleLogo.webp","datePublished":"2025-08-30T18:45:42+00:00","dateModified":"2025-08-30T18:48:20+00:00","breadcrumb":{"@id":"https:\/\/veranoglobal.com\/br\/aplicacoes\/oracle\/oracle-business-intelligence-management-pack\/#breadcrumb"},"inLanguage":"pt-BR","potentialAction":[{"@type":"ReadAction","target":["https:\/\/veranoglobal.com\/br\/aplicacoes\/oracle\/oracle-business-intelligence-management-pack\/"]}]},{"@type":"ImageObject","inLanguage":"pt-BR","@id":"https:\/\/veranoglobal.com\/br\/aplicacoes\/oracle\/oracle-business-intelligence-management-pack\/#primaryimage","url":"https:\/\/veranoglobal.com\/br\/wp-content\/uploads\/2025\/06\/oracleLogo.webp","contentUrl":"https:\/\/veranoglobal.com\/br\/wp-content\/uploads\/2025\/06\/oracleLogo.webp","width":218,"height":139},{"@type":"BreadcrumbList","@id":"https:\/\/veranoglobal.com\/br\/aplicacoes\/oracle\/oracle-business-intelligence-management-pack\/#breadcrumb","itemListElement":[{"@type":"ListItem","position":1,"name":"Inicio","item":"https:\/\/veranoglobal.com\/br\/es\/inicio\/"},{"@type":"ListItem","position":2,"name":"Aplica\u00e7\u00f5es","item":"https:\/\/veranoglobal.com\/br\/aplicacoes\/"},{"@type":"ListItem","position":3,"name":"Oracle","item":"https:\/\/veranoglobal.com\/br\/aplicacoes\/oracle\/"},{"@type":"ListItem","position":4,"name":"Oracle Business Intelligence Management Pack"}]},{"@type":"WebSite","@id":"https:\/\/veranoglobal.com\/br\/#website","url":"https:\/\/veranoglobal.com\/br\/","name":"Verano Global","description":"Verano Global","publisher":{"@id":"https:\/\/veranoglobal.com\/br\/#organization"},"potentialAction":[{"@type":"SearchAction","target":{"@type":"EntryPoint","urlTemplate":"https:\/\/veranoglobal.com\/br\/?s={search_term_string}"},"query-input":{"@type":"PropertyValueSpecification","valueRequired":true,"valueName":"search_term_string"}}],"inLanguage":"pt-BR"},{"@type":"Organization","@id":"https:\/\/veranoglobal.com\/br\/#organization","name":"Verano Global","url":"https:\/\/veranoglobal.com\/br\/","logo":{"@type":"ImageObject","inLanguage":"pt-BR","@id":"https:\/\/veranoglobal.com\/br\/#\/schema\/logo\/image\/","url":"https:\/\/veranoglobal.com\/br\/wp-content\/uploads\/2025\/08\/logo_verano_br-1.png","contentUrl":"https:\/\/veranoglobal.com\/br\/wp-content\/uploads\/2025\/08\/logo_verano_br-1.png","width":805,"height":512,"caption":"Verano Global"},"image":{"@id":"https:\/\/veranoglobal.com\/br\/#\/schema\/logo\/image\/"}}]}},"_links":{"self":[{"href":"https:\/\/veranoglobal.com\/br\/wp-json\/wp\/v2\/pages\/2351","targetHints":{"allow":["GET"]}}],"collection":[{"href":"https:\/\/veranoglobal.com\/br\/wp-json\/wp\/v2\/pages"}],"about":[{"href":"https:\/\/veranoglobal.com\/br\/wp-json\/wp\/v2\/types\/page"}],"author":[{"embeddable":true,"href":"https:\/\/veranoglobal.com\/br\/wp-json\/wp\/v2\/users\/2"}],"replies":[{"embeddable":true,"href":"https:\/\/veranoglobal.com\/br\/wp-json\/wp\/v2\/comments?post=2351"}],"version-history":[{"count":4,"href":"https:\/\/veranoglobal.com\/br\/wp-json\/wp\/v2\/pages\/2351\/revisions"}],"predecessor-version":[{"id":2355,"href":"https:\/\/veranoglobal.com\/br\/wp-json\/wp\/v2\/pages\/2351\/revisions\/2355"}],"up":[{"embeddable":true,"href":"https:\/\/veranoglobal.com\/br\/wp-json\/wp\/v2\/pages\/2329"}],"wp:attachment":[{"href":"https:\/\/veranoglobal.com\/br\/wp-json\/wp\/v2\/media?parent=2351"}],"curies":[{"name":"wp","href":"https:\/\/api.w.org\/{rel}","templated":true}]}}