{"id":2403,"date":"2025-08-30T23:01:24","date_gmt":"2025-08-30T23:01:24","guid":{"rendered":"https:\/\/veranoglobal.com\/br\/?page_id=2403"},"modified":"2025-11-07T15:42:11","modified_gmt":"2025-11-07T18:42:11","slug":"verano-link","status":"publish","type":"page","link":"https:\/\/veranoglobal.com\/br\/aplicacoes\/verano-link\/","title":{"rendered":"Verano Link"},"content":{"rendered":"\t\t<div data-elementor-type=\"wp-page\" data-elementor-id=\"2403\" class=\"elementor elementor-2403\" data-elementor-settings=\"{&quot;element_pack_global_tooltip_width&quot;:{&quot;unit&quot;:&quot;px&quot;,&quot;size&quot;:&quot;&quot;,&quot;sizes&quot;:[]},&quot;element_pack_global_tooltip_width_tablet&quot;:{&quot;unit&quot;:&quot;px&quot;,&quot;size&quot;:&quot;&quot;,&quot;sizes&quot;:[]},&quot;element_pack_global_tooltip_width_mobile&quot;:{&quot;unit&quot;:&quot;px&quot;,&quot;size&quot;:&quot;&quot;,&quot;sizes&quot;:[]},&quot;element_pack_global_tooltip_padding&quot;:{&quot;unit&quot;:&quot;px&quot;,&quot;top&quot;:&quot;&quot;,&quot;right&quot;:&quot;&quot;,&quot;bottom&quot;:&quot;&quot;,&quot;left&quot;:&quot;&quot;,&quot;isLinked&quot;:true},&quot;element_pack_global_tooltip_padding_tablet&quot;:{&quot;unit&quot;:&quot;px&quot;,&quot;top&quot;:&quot;&quot;,&quot;right&quot;:&quot;&quot;,&quot;bottom&quot;:&quot;&quot;,&quot;left&quot;:&quot;&quot;,&quot;isLinked&quot;:true},&quot;element_pack_global_tooltip_padding_mobile&quot;:{&quot;unit&quot;:&quot;px&quot;,&quot;top&quot;:&quot;&quot;,&quot;right&quot;:&quot;&quot;,&quot;bottom&quot;:&quot;&quot;,&quot;left&quot;:&quot;&quot;,&quot;isLinked&quot;:true},&quot;element_pack_global_tooltip_border_radius&quot;:{&quot;unit&quot;:&quot;px&quot;,&quot;top&quot;:&quot;&quot;,&quot;right&quot;:&quot;&quot;,&quot;bottom&quot;:&quot;&quot;,&quot;left&quot;:&quot;&quot;,&quot;isLinked&quot;:true},&quot;element_pack_global_tooltip_border_radius_tablet&quot;:{&quot;unit&quot;:&quot;px&quot;,&quot;top&quot;:&quot;&quot;,&quot;right&quot;:&quot;&quot;,&quot;bottom&quot;:&quot;&quot;,&quot;left&quot;:&quot;&quot;,&quot;isLinked&quot;:true},&quot;element_pack_global_tooltip_border_radius_mobile&quot;:{&quot;unit&quot;:&quot;px&quot;,&quot;top&quot;:&quot;&quot;,&quot;right&quot;:&quot;&quot;,&quot;bottom&quot;:&quot;&quot;,&quot;left&quot;:&quot;&quot;,&quot;isLinked&quot;:true}}\" data-elementor-post-type=\"page\">\n\t\t\t\t<div class=\"elementor-element elementor-element-54c00ab e-flex e-con-boxed e-con e-parent\" data-id=\"54c00ab\" data-element_type=\"container\" data-e-type=\"container\" data-settings=\"{&quot;background_background&quot;:&quot;classic&quot;}\">\n\t\t\t\t\t<div class=\"e-con-inner\">\n\t\t\t\t<div class=\"elementor-element elementor-element-aa5f3ad elementor-position-inline-start elementor-view-default elementor-mobile-position-block-start elementor-widget elementor-widget-icon-box\" data-id=\"aa5f3ad\" data-element_type=\"widget\" data-e-type=\"widget\" data-widget_type=\"icon-box.default\">\n\t\t\t\t<div class=\"elementor-widget-container\">\n\t\t\t\t\t\t\t<div class=\"elementor-icon-box-wrapper\">\n\n\t\t\t\t\t\t<div class=\"elementor-icon-box-icon\">\n\t\t\t\t<span  class=\"elementor-icon\">\n\t\t\t\t<svg xmlns=\"http:\/\/www.w3.org\/2000\/svg\" id=\"uuid-a6db8bac-d440-4b13-9396-afbaaf4fb966\" data-name=\"Capa 2\" viewBox=\"0 0 160 182\"><g id=\"uuid-a2afe6ff-ffa4-4777-9d7c-b60687bfe7c2\" data-name=\"Capa 1\"><g><polyline points=\"76.87 0 76.87 48.79 42.71 69.12 44.4 109.21 0 134.06 0 44.84 76.87 0\" style=\"fill: #fff;\"><\/polyline><polyline points=\"83.13 0 83.13 48.79 117.29 69.12 115.6 109.21 160 134.06 160 44.84 83.13 0\" style=\"fill: #fff;\"><\/polyline><polygon points=\"46.38 113.45 81.39 134.06 114.42 113.45 156.78 138.01 80 182 2.89 138.29 46.38 113.45\" style=\"fill: #fff;\"><\/polygon><polygon points=\"50.89 72.22 80 88.6 108.49 72.22 80 55.28 50.89 72.22\" style=\"fill: none; stroke: #fff; stroke-miterlimit: 10; stroke-width: .5px;\"><\/polygon><polygon points=\"49.76 73.92 49.76 108.37 80 125.02 80 91.85 49.76 73.92\" style=\"fill: none; stroke: #fff; stroke-miterlimit: 10; stroke-width: .5px;\"><\/polygon><polygon points=\"109.62 73.92 80 91.85 80 125.02 110.47 108.93 109.62 73.92\" style=\"fill: none; stroke: #fff; stroke-miterlimit: 10; stroke-width: .5px;\"><\/polygon><\/g><\/g><\/svg>\t\t\t\t<\/span>\n\t\t\t<\/div>\n\t\t\t\n\t\t\t\t\t\t<div class=\"elementor-icon-box-content\">\n\n\t\t\t\t\t\t\t\t\t<h3 class=\"elementor-icon-box-title\">\n\t\t\t\t\t\t<span  >\n\t\t\t\t\t\t\tVerano Link\t\t\t\t\t\t<\/span>\n\t\t\t\t\t<\/h3>\n\t\t\t\t\n\t\t\t\t\n\t\t\t<\/div>\n\t\t\t\n\t\t<\/div>\n\t\t\t\t\t\t<\/div>\n\t\t\t\t<\/div>\n\t\t\t\t\t<\/div>\n\t\t\t\t<\/div>\n\t\t<div class=\"elementor-element elementor-element-3de9484 e-flex e-con-boxed e-con e-parent\" data-id=\"3de9484\" data-element_type=\"container\" data-e-type=\"container\">\n\t\t\t\t\t<div class=\"e-con-inner\">\n\t\t\t\t<div class=\"elementor-element elementor-element-f1468c4 elementor-widget elementor-widget-bdt-breadcrumbs\" data-id=\"f1468c4\" data-element_type=\"widget\" data-e-type=\"widget\" data-widget_type=\"bdt-breadcrumbs.default\">\n\t\t\t\t<div class=\"elementor-widget-container\">\n\t\t\t\t\t<div class='bdt-ep-breadcrumbs-wrapper'><ul class=\"bdt-ep-breadcrumb breadcrumb-align-left  \"><li><a href=\"https:\/\/veranoglobal.com\/br\/\">Inicio<\/a><\/li>\n<li><span> P\u00e1gina<\/span><\/li>\n<\/ul><\/div>\t\t\t\t<\/div>\n\t\t\t\t<\/div>\n\t\t\t\t\t<\/div>\n\t\t\t\t<\/div>\n\t\t<div class=\"elementor-element elementor-element-28b00e2 e-flex e-con-boxed e-con e-parent\" data-id=\"28b00e2\" data-element_type=\"container\" data-e-type=\"container\">\n\t\t\t\t\t<div class=\"e-con-inner\">\n\t\t<div class=\"elementor-element elementor-element-4c9b503 e-con-full e-flex e-con e-child\" data-id=\"4c9b503\" data-element_type=\"container\" data-e-type=\"container\">\n\t\t\t\t<div class=\"elementor-element elementor-element-690bf75 elementor-widget elementor-widget-image\" data-id=\"690bf75\" data-element_type=\"widget\" data-e-type=\"widget\" data-widget_type=\"image.default\">\n\t\t\t\t<div class=\"elementor-widget-container\">\n\t\t\t\t\t\t\t\t\t\t\t\t\t\t\t<img fetchpriority=\"high\" decoding=\"async\" width=\"800\" height=\"300\" src=\"https:\/\/veranoglobal.com\/br\/wp-content\/uploads\/2025\/06\/veranoLink-1024x384.webp\" class=\"attachment-large size-large wp-image-324\" alt=\"\" srcset=\"https:\/\/veranoglobal.com\/br\/wp-content\/uploads\/2025\/06\/veranoLink-1024x384.webp 1024w, https:\/\/veranoglobal.com\/br\/wp-content\/uploads\/2025\/06\/veranoLink-300x112.webp 300w, https:\/\/veranoglobal.com\/br\/wp-content\/uploads\/2025\/06\/veranoLink-768x288.webp 768w, https:\/\/veranoglobal.com\/br\/wp-content\/uploads\/2025\/06\/veranoLink.webp 1359w\" sizes=\"(max-width: 800px) 100vw, 800px\" \/>\t\t\t\t\t\t\t\t\t\t\t\t\t\t\t<\/div>\n\t\t\t\t<\/div>\n\t\t\t\t<\/div>\n\t\t<div class=\"elementor-element elementor-element-09bd3cd e-con-full e-flex e-con e-child\" data-id=\"09bd3cd\" data-element_type=\"container\" data-e-type=\"container\">\n\t\t\t\t<div class=\"elementor-element elementor-element-1530ff5 elementor-widget elementor-widget-text-editor\" data-id=\"1530ff5\" data-element_type=\"widget\" data-e-type=\"widget\" data-widget_type=\"text-editor.default\">\n\t\t\t\t<div class=\"elementor-widget-container\">\n\t\t\t\t\t\t\t\t\t<section class=\"industriesHero_containerMainIndustries__IbhzI\"><article class=\"industriesHero_mainIndustriesArticleInfo__ssWWF \"><p>As integra\u00e7\u00f5es de entrega em tempo real do Verano Link garantem que as informa\u00e7\u00f5es corretas residam em uma \u00fanica fonte de verdade. Grandes conjuntos de dados podem ser movidos automaticamente entre aplicativos externos populares, como SAP, E-Business Suite e JD Edwards.<\/p><\/article><\/section>\t\t\t\t\t\t\t\t<\/div>\n\t\t\t\t<\/div>\n\t\t\t\t<\/div>\n\t\t\t\t\t<\/div>\n\t\t\t\t<\/div>\n\t\t<div class=\"elementor-element elementor-element-150e5d7 e-flex e-con-boxed e-con e-parent\" data-id=\"150e5d7\" data-element_type=\"container\" data-e-type=\"container\">\n\t\t\t\t\t<div class=\"e-con-inner\">\n\t\t<div class=\"elementor-element elementor-element-ed962e3 e-con-full e-flex e-con e-child\" data-id=\"ed962e3\" data-element_type=\"container\" data-e-type=\"container\">\n\t\t\t\t<div class=\"elementor-element elementor-element-aeccb96 elementor-widget-divider--view-line elementor-widget elementor-widget-divider\" data-id=\"aeccb96\" data-element_type=\"widget\" data-e-type=\"widget\" data-widget_type=\"divider.default\">\n\t\t\t\t<div class=\"elementor-widget-container\">\n\t\t\t\t\t\t\t<div class=\"elementor-divider\">\n\t\t\t<span class=\"elementor-divider-separator\">\n\t\t\t\t\t\t<\/span>\n\t\t<\/div>\n\t\t\t\t\t\t<\/div>\n\t\t\t\t<\/div>\n\t\t\t\t<\/div>\n\t\t\t\t\t<\/div>\n\t\t\t\t<\/div>\n\t\t<div class=\"elementor-element elementor-element-43885f2 e-flex e-con-boxed e-con e-parent\" data-id=\"43885f2\" data-element_type=\"container\" data-e-type=\"container\" data-settings=\"{&quot;background_background&quot;:&quot;classic&quot;}\">\n\t\t\t\t\t<div class=\"e-con-inner\">\n\t\t<div class=\"elementor-element elementor-element-d46fd2e e-con-full e-flex e-con e-child\" data-id=\"d46fd2e\" data-element_type=\"container\" data-e-type=\"container\">\n\t\t\t\t<div class=\"elementor-element elementor-element-68e88bf elementor-widget elementor-widget-image\" data-id=\"68e88bf\" data-element_type=\"widget\" data-e-type=\"widget\" data-widget_type=\"image.default\">\n\t\t\t\t<div class=\"elementor-widget-container\">\n\t\t\t\t\t\t\t\t\t\t\t\t\t\t\t<img decoding=\"async\" width=\"618\" height=\"596\" src=\"https:\/\/veranoglobal.com\/br\/wp-content\/uploads\/2025\/07\/cloud.webp\" class=\"attachment-large size-large wp-image-932\" alt=\"\" srcset=\"https:\/\/veranoglobal.com\/br\/wp-content\/uploads\/2025\/07\/cloud.webp 618w, https:\/\/veranoglobal.com\/br\/wp-content\/uploads\/2025\/07\/cloud-300x289.webp 300w\" sizes=\"(max-width: 618px) 100vw, 618px\" \/>\t\t\t\t\t\t\t\t\t\t\t\t\t\t\t<\/div>\n\t\t\t\t<\/div>\n\t\t\t\t<\/div>\n\t\t<div class=\"elementor-element elementor-element-92888c5 e-con-full e-flex e-con e-child\" data-id=\"92888c5\" data-element_type=\"container\" data-e-type=\"container\">\n\t\t\t\t<div class=\"elementor-element elementor-element-2aae743 elementor-widget elementor-widget-heading\" data-id=\"2aae743\" data-element_type=\"widget\" data-e-type=\"widget\" data-widget_type=\"heading.default\">\n\t\t\t\t<div class=\"elementor-widget-container\">\n\t\t\t\t\t<h2 class=\"elementor-heading-title elementor-size-default\">Verano Cloud<\/h2>\t\t\t\t<\/div>\n\t\t\t\t<\/div>\n\t\t\t\t<div class=\"elementor-element elementor-element-c4d2407 elementor-widget elementor-widget-text-editor\" data-id=\"c4d2407\" data-element_type=\"widget\" data-e-type=\"widget\" data-widget_type=\"text-editor.default\">\n\t\t\t\t<div class=\"elementor-widget-container\">\n\t\t\t\t\t\t\t\t\t<section class=\"industriesHero_containerMainIndustries__IbhzI\"><article class=\"industriesHero_mainIndustriesArticleInfo__ssWWF \"><p>Como parte da estrat\u00e9gia de integra\u00e7\u00e3o entre os aplicativos do pacote Oracle Primavera e diversos sistemas de gest\u00e3o corporativa, como ERP, CRM, PMP e outros, \u00e9 necess\u00e1rio um sistema que permita facilmente a rastreabilidade e auditoria dos dados transmitidos por diversos meios (APIs) para que possam interagir com outras ferramentas de gest\u00e3o empresarial.<\/p><\/article><\/section>\t\t\t\t\t\t\t\t<\/div>\n\t\t\t\t<\/div>\n\t\t\t\t<\/div>\n\t\t\t\t\t<\/div>\n\t\t\t\t<\/div>\n\t\t<div class=\"elementor-element elementor-element-e20829f e-flex e-con-boxed e-con e-parent\" data-id=\"e20829f\" data-element_type=\"container\" data-e-type=\"container\" data-settings=\"{&quot;background_background&quot;:&quot;classic&quot;}\">\n\t\t\t\t\t<div class=\"e-con-inner\">\n\t\t<div class=\"elementor-element elementor-element-ae61d19 e-con-full e-flex e-con e-child\" data-id=\"ae61d19\" data-element_type=\"container\" data-e-type=\"container\">\n\t\t\t\t<div class=\"elementor-element elementor-element-d072293 elementor-widget elementor-widget-image\" data-id=\"d072293\" data-element_type=\"widget\" data-e-type=\"widget\" data-widget_type=\"image.default\">\n\t\t\t\t<div class=\"elementor-widget-container\">\n\t\t\t\t\t\t\t\t\t\t\t\t\t\t\t<img decoding=\"async\" width=\"699\" height=\"596\" src=\"https:\/\/veranoglobal.com\/br\/wp-content\/uploads\/2025\/07\/graphic.webp\" class=\"attachment-large size-large wp-image-933\" alt=\"\" srcset=\"https:\/\/veranoglobal.com\/br\/wp-content\/uploads\/2025\/07\/graphic.webp 699w, https:\/\/veranoglobal.com\/br\/wp-content\/uploads\/2025\/07\/graphic-300x256.webp 300w\" sizes=\"(max-width: 699px) 100vw, 699px\" \/>\t\t\t\t\t\t\t\t\t\t\t\t\t\t\t<\/div>\n\t\t\t\t<\/div>\n\t\t\t\t<\/div>\n\t\t<div class=\"elementor-element elementor-element-b3d1a99 e-con-full e-flex e-con e-child\" data-id=\"b3d1a99\" data-element_type=\"container\" data-e-type=\"container\">\n\t\t\t\t<div class=\"elementor-element elementor-element-248e0a8 elementor-widget elementor-widget-heading\" data-id=\"248e0a8\" data-element_type=\"widget\" data-e-type=\"widget\" data-widget_type=\"heading.default\">\n\t\t\t\t<div class=\"elementor-widget-container\">\n\t\t\t\t\t<h2 class=\"elementor-heading-title elementor-size-default\">Gest\u00e3o de provedores<\/h2>\t\t\t\t<\/div>\n\t\t\t\t<\/div>\n\t\t\t\t<div class=\"elementor-element elementor-element-ec1050f elementor-widget elementor-widget-text-editor\" data-id=\"ec1050f\" data-element_type=\"widget\" data-e-type=\"widget\" data-widget_type=\"text-editor.default\">\n\t\t\t\t<div class=\"elementor-widget-container\">\n\t\t\t\t\t\t\t\t\t<section class=\"industriesHero_containerMainIndustries__IbhzI\"><article class=\"industriesHero_mainIndustriesArticleInfo__ssWWF \"><p>O Verano Link permite o gerenciamento r\u00e1pido de adaptadores para integra\u00e7\u00e3o, pr\u00e9-configurados para permitir a adapta\u00e7\u00e3o a qualquer sistema registrado como provedor (SAP, Unifier, P6, EBS, entre outros), permitindo a configura\u00e7\u00e3o r\u00e1pida de uma conex\u00e3o est\u00e1vel e confi\u00e1vel, pronta para o fluxo de dados entre diferentes ferramentas. Cada um desses provedores possui interfaces configuradas que permitem o fluxo de dados estruturado para diferentes ambientes.<\/p><\/article><\/section>\t\t\t\t\t\t\t\t<\/div>\n\t\t\t\t<\/div>\n\t\t\t\t<\/div>\n\t\t\t\t\t<\/div>\n\t\t\t\t<\/div>\n\t\t<div class=\"elementor-element elementor-element-56472d9 e-flex e-con-boxed e-con e-parent\" data-id=\"56472d9\" data-element_type=\"container\" data-e-type=\"container\">\n\t\t\t\t\t<div class=\"e-con-inner\">\n\t\t\t\t<div class=\"elementor-element elementor-element-738667c elementor-widget-divider--view-line elementor-widget elementor-widget-divider\" data-id=\"738667c\" data-element_type=\"widget\" data-e-type=\"widget\" data-widget_type=\"divider.default\">\n\t\t\t\t<div class=\"elementor-widget-container\">\n\t\t\t\t\t\t\t<div class=\"elementor-divider\">\n\t\t\t<span class=\"elementor-divider-separator\">\n\t\t\t\t\t\t<\/span>\n\t\t<\/div>\n\t\t\t\t\t\t<\/div>\n\t\t\t\t<\/div>\n\t\t\t\t<div class=\"elementor-element elementor-element-e21a7cc elementor-widget elementor-widget-text-editor\" data-id=\"e21a7cc\" data-element_type=\"widget\" data-e-type=\"widget\" data-widget_type=\"text-editor.default\">\n\t\t\t\t<div class=\"elementor-widget-container\">\n\t\t\t\t\t\t\t\t\t<section class=\"industriesHero_containerMainIndustries__IbhzI\"><article class=\"industriesHero_mainIndustriesArticleInfo__ssWWF \"><p>\u00c9 um sistema que permite a constru\u00e7\u00e3o, execu\u00e7\u00e3o programada ou sob demanda, gerenciamento e auditoria de fluxos de informa\u00e7\u00f5es entre aplicativos Oracle Primavera e softwares de terceiros. Possui interface web, inclui um m\u00f3dulo para gerenciamento de usu\u00e1rios e fun\u00e7\u00f5es, vem pr\u00e9-configurado com os principais casos de uso para integra\u00e7\u00e3o com terceiros e pode ser implantado em ambientes gerenciados localmente ou em uma infraestrutura de nuvem.<\/p><\/article><\/section>\t\t\t\t\t\t\t\t<\/div>\n\t\t\t\t<\/div>\n\t\t\t\t\t<\/div>\n\t\t\t\t<\/div>\n\t\t\t\t<\/div>\n\t\t","protected":false},"excerpt":{"rendered":"<p>Verano Link Inicio P\u00e1gina As integra\u00e7\u00f5es de entrega em tempo real do Verano Link garantem que as informa\u00e7\u00f5es corretas residam em uma \u00fanica fonte de verdade. Grandes conjuntos de dados podem ser movidos automaticamente entre aplicativos externos populares, como SAP, E-Business Suite e JD Edwards. Verano Cloud Como parte da estrat\u00e9gia de integra\u00e7\u00e3o entre os [&hellip;]<\/p>\n","protected":false},"author":2,"featured_media":0,"parent":1968,"menu_order":0,"comment_status":"closed","ping_status":"closed","template":"","meta":{"_joinchat":[],"footnotes":""},"class_list":["post-2403","page","type-page","status-publish","hentry"],"yoast_head":"<!-- This site is optimized with the Yoast SEO plugin v27.4 - https:\/\/yoast.com\/product\/yoast-seo-wordpress\/ -->\n<title>Verano Link - Verano Global<\/title>\n<meta name=\"robots\" content=\"index, follow, max-snippet:-1, max-image-preview:large, max-video-preview:-1\" \/>\n<link rel=\"canonical\" href=\"https:\/\/veranoglobal.com\/br\/aplicacoes\/verano-link\/\" \/>\n<meta property=\"og:locale\" content=\"pt_BR\" \/>\n<meta property=\"og:type\" content=\"article\" \/>\n<meta property=\"og:title\" content=\"Verano Link - Verano Global\" \/>\n<meta property=\"og:description\" content=\"Verano Link Inicio P\u00e1gina As integra\u00e7\u00f5es de entrega em tempo real do Verano Link garantem que as informa\u00e7\u00f5es corretas residam em uma \u00fanica fonte de verdade. Grandes conjuntos de dados podem ser movidos automaticamente entre aplicativos externos populares, como SAP, E-Business Suite e JD Edwards. Verano Cloud Como parte da estrat\u00e9gia de integra\u00e7\u00e3o entre os [&hellip;]\" \/>\n<meta property=\"og:url\" content=\"https:\/\/veranoglobal.com\/br\/aplicacoes\/verano-link\/\" \/>\n<meta property=\"og:site_name\" content=\"Verano Global\" \/>\n<meta property=\"article:modified_time\" content=\"2025-11-07T18:42:11+00:00\" \/>\n<meta property=\"og:image\" content=\"https:\/\/veranoglobal.com\/br\/wp-content\/uploads\/2025\/06\/veranoLink.webp\" \/>\n\t<meta property=\"og:image:width\" content=\"1359\" \/>\n\t<meta property=\"og:image:height\" content=\"509\" \/>\n\t<meta property=\"og:image:type\" content=\"image\/webp\" \/>\n<meta name=\"twitter:card\" content=\"summary_large_image\" \/>\n<meta name=\"twitter:label1\" content=\"Est. tempo de leitura\" \/>\n\t<meta name=\"twitter:data1\" content=\"2 minutos\" \/>\n<script type=\"application\/ld+json\" class=\"yoast-schema-graph\">{\"@context\":\"https:\\\/\\\/schema.org\",\"@graph\":[{\"@type\":\"WebPage\",\"@id\":\"https:\\\/\\\/veranoglobal.com\\\/br\\\/aplicacoes\\\/verano-link\\\/\",\"url\":\"https:\\\/\\\/veranoglobal.com\\\/br\\\/aplicacoes\\\/verano-link\\\/\",\"name\":\"Verano Link - Verano Global\",\"isPartOf\":{\"@id\":\"https:\\\/\\\/veranoglobal.com\\\/br\\\/#website\"},\"primaryImageOfPage\":{\"@id\":\"https:\\\/\\\/veranoglobal.com\\\/br\\\/aplicacoes\\\/verano-link\\\/#primaryimage\"},\"image\":{\"@id\":\"https:\\\/\\\/veranoglobal.com\\\/br\\\/aplicacoes\\\/verano-link\\\/#primaryimage\"},\"thumbnailUrl\":\"https:\\\/\\\/veranoglobal.com\\\/br\\\/wp-content\\\/uploads\\\/2025\\\/06\\\/veranoLink-1024x384.webp\",\"datePublished\":\"2025-08-30T23:01:24+00:00\",\"dateModified\":\"2025-11-07T18:42:11+00:00\",\"breadcrumb\":{\"@id\":\"https:\\\/\\\/veranoglobal.com\\\/br\\\/aplicacoes\\\/verano-link\\\/#breadcrumb\"},\"inLanguage\":\"pt-BR\",\"potentialAction\":[{\"@type\":\"ReadAction\",\"target\":[\"https:\\\/\\\/veranoglobal.com\\\/br\\\/aplicacoes\\\/verano-link\\\/\"]}]},{\"@type\":\"ImageObject\",\"inLanguage\":\"pt-BR\",\"@id\":\"https:\\\/\\\/veranoglobal.com\\\/br\\\/aplicacoes\\\/verano-link\\\/#primaryimage\",\"url\":\"https:\\\/\\\/veranoglobal.com\\\/br\\\/wp-content\\\/uploads\\\/2025\\\/06\\\/veranoLink.webp\",\"contentUrl\":\"https:\\\/\\\/veranoglobal.com\\\/br\\\/wp-content\\\/uploads\\\/2025\\\/06\\\/veranoLink.webp\",\"width\":1359,\"height\":509},{\"@type\":\"BreadcrumbList\",\"@id\":\"https:\\\/\\\/veranoglobal.com\\\/br\\\/aplicacoes\\\/verano-link\\\/#breadcrumb\",\"itemListElement\":[{\"@type\":\"ListItem\",\"position\":1,\"name\":\"Inicio\",\"item\":\"https:\\\/\\\/veranoglobal.com\\\/br\\\/es\\\/inicio\\\/\"},{\"@type\":\"ListItem\",\"position\":2,\"name\":\"Aplica\u00e7\u00f5es\",\"item\":\"https:\\\/\\\/veranoglobal.com\\\/br\\\/aplicacoes\\\/\"},{\"@type\":\"ListItem\",\"position\":3,\"name\":\"Verano Link\"}]},{\"@type\":\"WebSite\",\"@id\":\"https:\\\/\\\/veranoglobal.com\\\/br\\\/#website\",\"url\":\"https:\\\/\\\/veranoglobal.com\\\/br\\\/\",\"name\":\"Verano Global\",\"description\":\"Verano Global\",\"publisher\":{\"@id\":\"https:\\\/\\\/veranoglobal.com\\\/br\\\/#organization\"},\"potentialAction\":[{\"@type\":\"SearchAction\",\"target\":{\"@type\":\"EntryPoint\",\"urlTemplate\":\"https:\\\/\\\/veranoglobal.com\\\/br\\\/?s={search_term_string}\"},\"query-input\":{\"@type\":\"PropertyValueSpecification\",\"valueRequired\":true,\"valueName\":\"search_term_string\"}}],\"inLanguage\":\"pt-BR\"},{\"@type\":\"Organization\",\"@id\":\"https:\\\/\\\/veranoglobal.com\\\/br\\\/#organization\",\"name\":\"Verano Global\",\"url\":\"https:\\\/\\\/veranoglobal.com\\\/br\\\/\",\"logo\":{\"@type\":\"ImageObject\",\"inLanguage\":\"pt-BR\",\"@id\":\"https:\\\/\\\/veranoglobal.com\\\/br\\\/#\\\/schema\\\/logo\\\/image\\\/\",\"url\":\"https:\\\/\\\/veranoglobal.com\\\/br\\\/wp-content\\\/uploads\\\/2025\\\/08\\\/logo_verano_br-1.png\",\"contentUrl\":\"https:\\\/\\\/veranoglobal.com\\\/br\\\/wp-content\\\/uploads\\\/2025\\\/08\\\/logo_verano_br-1.png\",\"width\":805,\"height\":512,\"caption\":\"Verano Global\"},\"image\":{\"@id\":\"https:\\\/\\\/veranoglobal.com\\\/br\\\/#\\\/schema\\\/logo\\\/image\\\/\"}}]}<\/script>\n<!-- \/ Yoast SEO plugin. -->","yoast_head_json":{"title":"Verano Link - Verano Global","robots":{"index":"index","follow":"follow","max-snippet":"max-snippet:-1","max-image-preview":"max-image-preview:large","max-video-preview":"max-video-preview:-1"},"canonical":"https:\/\/veranoglobal.com\/br\/aplicacoes\/verano-link\/","og_locale":"pt_BR","og_type":"article","og_title":"Verano Link - Verano Global","og_description":"Verano Link Inicio P\u00e1gina As integra\u00e7\u00f5es de entrega em tempo real do Verano Link garantem que as informa\u00e7\u00f5es corretas residam em uma \u00fanica fonte de verdade. Grandes conjuntos de dados podem ser movidos automaticamente entre aplicativos externos populares, como SAP, E-Business Suite e JD Edwards. Verano Cloud Como parte da estrat\u00e9gia de integra\u00e7\u00e3o entre os [&hellip;]","og_url":"https:\/\/veranoglobal.com\/br\/aplicacoes\/verano-link\/","og_site_name":"Verano Global","article_modified_time":"2025-11-07T18:42:11+00:00","og_image":[{"width":1359,"height":509,"url":"https:\/\/veranoglobal.com\/br\/wp-content\/uploads\/2025\/06\/veranoLink.webp","type":"image\/webp"}],"twitter_card":"summary_large_image","twitter_misc":{"Est. tempo de leitura":"2 minutos"},"schema":{"@context":"https:\/\/schema.org","@graph":[{"@type":"WebPage","@id":"https:\/\/veranoglobal.com\/br\/aplicacoes\/verano-link\/","url":"https:\/\/veranoglobal.com\/br\/aplicacoes\/verano-link\/","name":"Verano Link - Verano Global","isPartOf":{"@id":"https:\/\/veranoglobal.com\/br\/#website"},"primaryImageOfPage":{"@id":"https:\/\/veranoglobal.com\/br\/aplicacoes\/verano-link\/#primaryimage"},"image":{"@id":"https:\/\/veranoglobal.com\/br\/aplicacoes\/verano-link\/#primaryimage"},"thumbnailUrl":"https:\/\/veranoglobal.com\/br\/wp-content\/uploads\/2025\/06\/veranoLink-1024x384.webp","datePublished":"2025-08-30T23:01:24+00:00","dateModified":"2025-11-07T18:42:11+00:00","breadcrumb":{"@id":"https:\/\/veranoglobal.com\/br\/aplicacoes\/verano-link\/#breadcrumb"},"inLanguage":"pt-BR","potentialAction":[{"@type":"ReadAction","target":["https:\/\/veranoglobal.com\/br\/aplicacoes\/verano-link\/"]}]},{"@type":"ImageObject","inLanguage":"pt-BR","@id":"https:\/\/veranoglobal.com\/br\/aplicacoes\/verano-link\/#primaryimage","url":"https:\/\/veranoglobal.com\/br\/wp-content\/uploads\/2025\/06\/veranoLink.webp","contentUrl":"https:\/\/veranoglobal.com\/br\/wp-content\/uploads\/2025\/06\/veranoLink.webp","width":1359,"height":509},{"@type":"BreadcrumbList","@id":"https:\/\/veranoglobal.com\/br\/aplicacoes\/verano-link\/#breadcrumb","itemListElement":[{"@type":"ListItem","position":1,"name":"Inicio","item":"https:\/\/veranoglobal.com\/br\/es\/inicio\/"},{"@type":"ListItem","position":2,"name":"Aplica\u00e7\u00f5es","item":"https:\/\/veranoglobal.com\/br\/aplicacoes\/"},{"@type":"ListItem","position":3,"name":"Verano Link"}]},{"@type":"WebSite","@id":"https:\/\/veranoglobal.com\/br\/#website","url":"https:\/\/veranoglobal.com\/br\/","name":"Verano Global","description":"Verano Global","publisher":{"@id":"https:\/\/veranoglobal.com\/br\/#organization"},"potentialAction":[{"@type":"SearchAction","target":{"@type":"EntryPoint","urlTemplate":"https:\/\/veranoglobal.com\/br\/?s={search_term_string}"},"query-input":{"@type":"PropertyValueSpecification","valueRequired":true,"valueName":"search_term_string"}}],"inLanguage":"pt-BR"},{"@type":"Organization","@id":"https:\/\/veranoglobal.com\/br\/#organization","name":"Verano Global","url":"https:\/\/veranoglobal.com\/br\/","logo":{"@type":"ImageObject","inLanguage":"pt-BR","@id":"https:\/\/veranoglobal.com\/br\/#\/schema\/logo\/image\/","url":"https:\/\/veranoglobal.com\/br\/wp-content\/uploads\/2025\/08\/logo_verano_br-1.png","contentUrl":"https:\/\/veranoglobal.com\/br\/wp-content\/uploads\/2025\/08\/logo_verano_br-1.png","width":805,"height":512,"caption":"Verano Global"},"image":{"@id":"https:\/\/veranoglobal.com\/br\/#\/schema\/logo\/image\/"}}]}},"_links":{"self":[{"href":"https:\/\/veranoglobal.com\/br\/wp-json\/wp\/v2\/pages\/2403","targetHints":{"allow":["GET"]}}],"collection":[{"href":"https:\/\/veranoglobal.com\/br\/wp-json\/wp\/v2\/pages"}],"about":[{"href":"https:\/\/veranoglobal.com\/br\/wp-json\/wp\/v2\/types\/page"}],"author":[{"embeddable":true,"href":"https:\/\/veranoglobal.com\/br\/wp-json\/wp\/v2\/users\/2"}],"replies":[{"embeddable":true,"href":"https:\/\/veranoglobal.com\/br\/wp-json\/wp\/v2\/comments?post=2403"}],"version-history":[{"count":7,"href":"https:\/\/veranoglobal.com\/br\/wp-json\/wp\/v2\/pages\/2403\/revisions"}],"predecessor-version":[{"id":2708,"href":"https:\/\/veranoglobal.com\/br\/wp-json\/wp\/v2\/pages\/2403\/revisions\/2708"}],"up":[{"embeddable":true,"href":"https:\/\/veranoglobal.com\/br\/wp-json\/wp\/v2\/pages\/1968"}],"wp:attachment":[{"href":"https:\/\/veranoglobal.com\/br\/wp-json\/wp\/v2\/media?parent=2403"}],"curies":[{"name":"wp","href":"https:\/\/api.w.org\/{rel}","templated":true}]}}